{"id":1006231,"date":"2025-04-26T12:24:08","date_gmt":"2025-04-26T12:24:08","guid":{"rendered":"https:\/\/viruplant.ee\/?post_type=product&#038;p=1006231"},"modified":"2026-03-13T06:45:41","modified_gmt":"2026-03-13T06:45:41","slug":"roos-doris-tysterman","status":"publish","type":"product","link":"https:\/\/viruplant.ee\/ru\/product\/roos-doris-tysterman\/","title":{"rendered":"Roos &#171;Doris Tysterman&#187;"},"content":{"rendered":"<div class=\"vgblk-rw-wrapper limit-wrapper\"><strong>Roos &#171;Doris Tysterman&#187;<br \/>\nSuurus: Taimepott P19<\/strong>\n<\/div>\n<p><!-- .vgblk-rw-wrapper --><\/p>\n","protected":false},"excerpt":{"rendered":"<p><strong>Roos &#171;Doris Tysterman&#187;<br \/>\nSuurus: Taimepott P19<\/strong><br \/>\nRoos &#8216;Doris Tysterman&#8217; on silmapaistev tee-h\u00fcbriid, mille \u00f5ied s\u00e4ravad ereda mandariini-oran\u017ei tooniga.<br \/>\nL\u00f5hn: kerge, meeldiv aroom<br \/>\n\u00d5itsemisperiood: korduv \u00f5itsemine kevadest hiliss\u00fcgiseni\u200b<\/p>\n","protected":false},"featured_media":1006232,"template":"","meta":{"inline_featured_image":false},"product_brand":[],"product_cat":[986],"product_tag":[],"class_list":{"0":"post-1006231","1":"product","2":"type-product","3":"status-publish","4":"has-post-thumbnail","6":"product_cat-roosid-2","8":"first","9":"outofstock","10":"shipping-taxable","11":"purchasable","12":"product-type-simple"},"_links":{"self":[{"href":"https:\/\/viruplant.ee\/ru\/wp-json\/wp\/v2\/product\/1006231","targetHints":{"allow":["GET"]}}],"collection":[{"href":"https:\/\/viruplant.ee\/ru\/wp-json\/wp\/v2\/product"}],"about":[{"href":"https:\/\/viruplant.ee\/ru\/wp-json\/wp\/v2\/types\/product"}],"wp:featuredmedia":[{"embeddable":true,"href":"https:\/\/viruplant.ee\/ru\/wp-json\/wp\/v2\/media\/1006232"}],"wp:attachment":[{"href":"https:\/\/viruplant.ee\/ru\/wp-json\/wp\/v2\/media?parent=1006231"}],"wp:term":[{"taxonomy":"product_brand","embeddable":true,"href":"https:\/\/viruplant.ee\/ru\/wp-json\/wp\/v2\/product_brand?post=1006231"},{"taxonomy":"product_cat","embeddable":true,"href":"https:\/\/viruplant.ee\/ru\/wp-json\/wp\/v2\/product_cat?post=1006231"},{"taxonomy":"product_tag","embeddable":true,"href":"https:\/\/viruplant.ee\/ru\/wp-json\/wp\/v2\/product_tag?post=1006231"}],"curies":[{"name":"wp","href":"https:\/\/api.w.org\/{rel}","templated":true}]}}