{"id":1006224,"date":"2025-04-26T12:17:19","date_gmt":"2025-04-26T12:17:19","guid":{"rendered":"https:\/\/viruplant.ee\/?post_type=product&#038;p=1006224"},"modified":"2026-03-13T06:45:54","modified_gmt":"2026-03-13T06:45:54","slug":"roos-diamant","status":"publish","type":"product","link":"https:\/\/viruplant.ee\/ru\/product\/roos-diamant\/","title":{"rendered":"Roos &#171;Diamant&#187;"},"content":{"rendered":"<div class=\"vgblk-rw-wrapper limit-wrapper\"><strong>Roos &#171;Diamant&#187;<br \/>\nSuurus: Taimepott P19<\/strong>\n <\/div>\n<p><!-- .vgblk-rw-wrapper --><\/p>\n","protected":false},"excerpt":{"rendered":"<p><strong>Roos &#171;Diamant&#187;<br \/>\nSuurus: Taimepott P19<\/strong><br \/>\nRoos &#171;Diamant&#187; on madal ja tihe p\u00f5\u00f5sas, mis \u00f5itseb rikkalikult puhasvalgete \u00f5itega. \u00d5ied on keskmise suurusega, lihtsad v\u00f5i poolt\u00e4idetud, ja nende keskelt paistavad kaunilt silma kollased tolmukad, mis teevad kogu \u00f5ie eriti s\u00e4ravaks. Ta \u00f5itseb korduvalt kogu suve v\u00e4ltel, pakkudes pikalt silmailu.<\/p>\n","protected":false},"featured_media":1006225,"template":"","meta":{"inline_featured_image":false},"product_brand":[],"product_cat":[986],"product_tag":[],"class_list":{"0":"post-1006224","1":"product","2":"type-product","3":"status-publish","4":"has-post-thumbnail","6":"product_cat-roosid-2","8":"first","9":"instock","10":"shipping-taxable","11":"purchasable","12":"product-type-simple"},"_links":{"self":[{"href":"https:\/\/viruplant.ee\/ru\/wp-json\/wp\/v2\/product\/1006224","targetHints":{"allow":["GET"]}}],"collection":[{"href":"https:\/\/viruplant.ee\/ru\/wp-json\/wp\/v2\/product"}],"about":[{"href":"https:\/\/viruplant.ee\/ru\/wp-json\/wp\/v2\/types\/product"}],"wp:featuredmedia":[{"embeddable":true,"href":"https:\/\/viruplant.ee\/ru\/wp-json\/wp\/v2\/media\/1006225"}],"wp:attachment":[{"href":"https:\/\/viruplant.ee\/ru\/wp-json\/wp\/v2\/media?parent=1006224"}],"wp:term":[{"taxonomy":"product_brand","embeddable":true,"href":"https:\/\/viruplant.ee\/ru\/wp-json\/wp\/v2\/product_brand?post=1006224"},{"taxonomy":"product_cat","embeddable":true,"href":"https:\/\/viruplant.ee\/ru\/wp-json\/wp\/v2\/product_cat?post=1006224"},{"taxonomy":"product_tag","embeddable":true,"href":"https:\/\/viruplant.ee\/ru\/wp-json\/wp\/v2\/product_tag?post=1006224"}],"curies":[{"name":"wp","href":"https:\/\/api.w.org\/{rel}","templated":true}]}}