{"id":1006221,"date":"2025-04-26T12:11:42","date_gmt":"2025-04-26T12:11:42","guid":{"rendered":"https:\/\/viruplant.ee\/?post_type=product&#038;p=1006221"},"modified":"2026-03-13T06:46:01","modified_gmt":"2026-03-13T06:46:01","slug":"roos-desdemona","status":"publish","type":"product","link":"https:\/\/viruplant.ee\/ru\/product\/roos-desdemona\/","title":{"rendered":"Roos &#171;Desdemona&#187;"},"content":{"rendered":"<div class=\"vgblk-rw-wrapper limit-wrapper\"><strong>Roos &#171;Desdemona&#187;<br \/>\nSuurus: Taimepott P19<\/strong><\/p>\n<\/div>\n<p><!-- .vgblk-rw-wrapper --><\/p>\n","protected":false},"excerpt":{"rendered":"<p><strong>Roos &#171;Desdemona&#187;<br \/>\nSuurus: Taimepott P19<\/strong><br \/>\nRoos &#171;Desdemona&#187; on \u00fcks David Austini inglise roosisortidest, tuntud oma erakordse ilu, tugeva l\u00f5hna ja usaldusv\u00e4\u00e4rse kasvuk\u00e4itumise poolest. See roos \u00fchendab vanaaegse roosi v\u00f5lu kaasaegse vastupidavusega.<br \/>\nKasvuk\u00f5rgus: ~100\u2013120 cm<br \/>\nLaius: ~90\u2013110 cm<br \/>\n\u00d5ied: suured, tihedalt t\u00e4idetud (\u00fcle 50 kroonlehe)<br \/>\nV\u00e4rvus: puhas valge, kerge virsiku v\u00f5i roosa varjundiga, eriti enne t\u00e4ielikku avanemist<br \/>\nL\u00f5hn: tugev, magus<\/p>\n","protected":false},"featured_media":1006222,"template":"","meta":{"inline_featured_image":false},"product_brand":[],"product_cat":[986],"product_tag":[],"class_list":{"0":"post-1006221","1":"product","2":"type-product","3":"status-publish","4":"has-post-thumbnail","6":"product_cat-roosid-2","8":"first","9":"instock","10":"shipping-taxable","11":"purchasable","12":"product-type-simple"},"_links":{"self":[{"href":"https:\/\/viruplant.ee\/ru\/wp-json\/wp\/v2\/product\/1006221","targetHints":{"allow":["GET"]}}],"collection":[{"href":"https:\/\/viruplant.ee\/ru\/wp-json\/wp\/v2\/product"}],"about":[{"href":"https:\/\/viruplant.ee\/ru\/wp-json\/wp\/v2\/types\/product"}],"wp:featuredmedia":[{"embeddable":true,"href":"https:\/\/viruplant.ee\/ru\/wp-json\/wp\/v2\/media\/1006222"}],"wp:attachment":[{"href":"https:\/\/viruplant.ee\/ru\/wp-json\/wp\/v2\/media?parent=1006221"}],"wp:term":[{"taxonomy":"product_brand","embeddable":true,"href":"https:\/\/viruplant.ee\/ru\/wp-json\/wp\/v2\/product_brand?post=1006221"},{"taxonomy":"product_cat","embeddable":true,"href":"https:\/\/viruplant.ee\/ru\/wp-json\/wp\/v2\/product_cat?post=1006221"},{"taxonomy":"product_tag","embeddable":true,"href":"https:\/\/viruplant.ee\/ru\/wp-json\/wp\/v2\/product_tag?post=1006221"}],"curies":[{"name":"wp","href":"https:\/\/api.w.org\/{rel}","templated":true}]}}