{"id":1006214,"date":"2025-04-26T12:06:44","date_gmt":"2025-04-26T12:06:44","guid":{"rendered":"https:\/\/viruplant.ee\/?post_type=product&#038;p=1006214"},"modified":"2026-03-13T06:46:14","modified_gmt":"2026-03-13T06:46:14","slug":"roos-coral-lions-rose","status":"publish","type":"product","link":"https:\/\/viruplant.ee\/ru\/product\/roos-coral-lions-rose\/","title":{"rendered":"Roos &#171;Coral Lions rose&#187;"},"content":{"rendered":"<div class=\"vgblk-rw-wrapper limit-wrapper\"><strong>Roos &#171;Coral Lions rose&#187;<br \/>\nSuurus: Taimepott P19<\/strong>\n<\/div>\n<p><!-- .vgblk-rw-wrapper --><\/p>\n","protected":false},"excerpt":{"rendered":"<p><strong>Roos &#171;Coral Lions rose&#187;<br \/>\nSuurus: Taimepott P19<\/strong><br \/>\nRoos &#171;Coral Lions Rose&#187; on kaunis ja silmapaistev sort, millel on erksad, korallpunased \u00f5ied, mis v\u00f5ivad m\u00f5nikord olla \u00f5rnalt roosakate toonidega.<br \/>\nP\u00f5\u00f5sas ise on kompaktne, h\u00e4sti hargnev ja l\u00e4ikivate tumeroheliste lehtedega, mis on hea kontrastina erksatele \u00f5itele. &#171;Coral Lions Rose&#187; on v\u00e4ga haiguskindel ning sobib h\u00e4sti ka v\u00e4iksemasse aeda v\u00f5i isegi r\u00f5dukasti.<\/p>\n","protected":false},"featured_media":1006215,"template":"","meta":{"inline_featured_image":false},"product_brand":[],"product_cat":[986],"product_tag":[],"class_list":{"0":"post-1006214","1":"product","2":"type-product","3":"status-publish","4":"has-post-thumbnail","6":"product_cat-roosid-2","8":"first","9":"instock","10":"shipping-taxable","11":"purchasable","12":"product-type-simple"},"_links":{"self":[{"href":"https:\/\/viruplant.ee\/ru\/wp-json\/wp\/v2\/product\/1006214","targetHints":{"allow":["GET"]}}],"collection":[{"href":"https:\/\/viruplant.ee\/ru\/wp-json\/wp\/v2\/product"}],"about":[{"href":"https:\/\/viruplant.ee\/ru\/wp-json\/wp\/v2\/types\/product"}],"wp:featuredmedia":[{"embeddable":true,"href":"https:\/\/viruplant.ee\/ru\/wp-json\/wp\/v2\/media\/1006215"}],"wp:attachment":[{"href":"https:\/\/viruplant.ee\/ru\/wp-json\/wp\/v2\/media?parent=1006214"}],"wp:term":[{"taxonomy":"product_brand","embeddable":true,"href":"https:\/\/viruplant.ee\/ru\/wp-json\/wp\/v2\/product_brand?post=1006214"},{"taxonomy":"product_cat","embeddable":true,"href":"https:\/\/viruplant.ee\/ru\/wp-json\/wp\/v2\/product_cat?post=1006214"},{"taxonomy":"product_tag","embeddable":true,"href":"https:\/\/viruplant.ee\/ru\/wp-json\/wp\/v2\/product_tag?post=1006214"}],"curies":[{"name":"wp","href":"https:\/\/api.w.org\/{rel}","templated":true}]}}