{"id":1006211,"date":"2025-04-26T12:04:36","date_gmt":"2025-04-26T12:04:36","guid":{"rendered":"https:\/\/viruplant.ee\/?post_type=product&#038;p=1006211"},"modified":"2026-03-13T06:46:21","modified_gmt":"2026-03-13T06:46:21","slug":"roos-cherry-girl","status":"publish","type":"product","link":"https:\/\/viruplant.ee\/ru\/product\/roos-cherry-girl\/","title":{"rendered":"Roos &#171;Cherry Girl&#187;"},"content":{"rendered":"<div class=\"vgblk-rw-wrapper limit-wrapper\"><strong>Roos &#171;Cherry Girl&#187;<br \/>\nSuurus: Taimepott P19<\/strong>\n<\/div>\n<p><!-- .vgblk-rw-wrapper --><\/p>\n","protected":false},"excerpt":{"rendered":"<p><strong>Roos &#171;Cherry Girl&#187;<br \/>\nSuurus: Taimepott P19<\/strong><br \/>\nRoos &#171;Cherry Girl&#187; on kaunis ja silmapaistev sort, millel on tumepunased, kirsi tooni \u00f5ied, mis avanevad suureks ja t\u00e4idlaseks. \u00d5itsemine on rikkalik, andes aia kauni v\u00e4rvi ja elavuse.<\/p>\n","protected":false},"featured_media":1006212,"template":"","meta":{"inline_featured_image":false},"product_brand":[],"product_cat":[986],"product_tag":[],"class_list":{"0":"post-1006211","1":"product","2":"type-product","3":"status-publish","4":"has-post-thumbnail","6":"product_cat-roosid-2","8":"first","9":"instock","10":"shipping-taxable","11":"purchasable","12":"product-type-simple"},"_links":{"self":[{"href":"https:\/\/viruplant.ee\/ru\/wp-json\/wp\/v2\/product\/1006211","targetHints":{"allow":["GET"]}}],"collection":[{"href":"https:\/\/viruplant.ee\/ru\/wp-json\/wp\/v2\/product"}],"about":[{"href":"https:\/\/viruplant.ee\/ru\/wp-json\/wp\/v2\/types\/product"}],"wp:featuredmedia":[{"embeddable":true,"href":"https:\/\/viruplant.ee\/ru\/wp-json\/wp\/v2\/media\/1006212"}],"wp:attachment":[{"href":"https:\/\/viruplant.ee\/ru\/wp-json\/wp\/v2\/media?parent=1006211"}],"wp:term":[{"taxonomy":"product_brand","embeddable":true,"href":"https:\/\/viruplant.ee\/ru\/wp-json\/wp\/v2\/product_brand?post=1006211"},{"taxonomy":"product_cat","embeddable":true,"href":"https:\/\/viruplant.ee\/ru\/wp-json\/wp\/v2\/product_cat?post=1006211"},{"taxonomy":"product_tag","embeddable":true,"href":"https:\/\/viruplant.ee\/ru\/wp-json\/wp\/v2\/product_tag?post=1006211"}],"curies":[{"name":"wp","href":"https:\/\/api.w.org\/{rel}","templated":true}]}}