{"id":1006208,"date":"2025-04-26T11:51:25","date_gmt":"2025-04-26T11:51:25","guid":{"rendered":"https:\/\/viruplant.ee\/?post_type=product&#038;p=1006208"},"modified":"2026-03-13T06:46:26","modified_gmt":"2026-03-13T06:46:26","slug":"roos-charles-darvin","status":"publish","type":"product","link":"https:\/\/viruplant.ee\/ru\/product\/roos-charles-darvin\/","title":{"rendered":"Roos &#171;Charles Darvin&#187;"},"content":{"rendered":"<div class=\"vgblk-rw-wrapper limit-wrapper\"><strong>Roos &#171;Charles Darvin&#187;<br \/>\nSuurus: Taimepott P19<\/strong>\n<\/div>\n<p><!-- .vgblk-rw-wrapper --><\/p>\n","protected":false},"excerpt":{"rendered":"<p><strong>Roos &#171;Charles Darvin&#187;<br \/>\nSuurus: Taimepott P19<\/strong><br \/>\nRoos &#171;Charles Darwin&#187; on inglise p\u00e4ritolu romantiline ja efektne sort, millel on suured, t\u00e4idlased \u00f5ied soojades kollastes toonides \u2013 alates pehmest sidrunikollasest kuni sinepikollase v\u00f5i aprikoosini. P\u00f5\u00f5sas on tugevakasvuline, tiheda lehestikuga ja sobib h\u00e4sti nii \u00fcksikult kasvatamiseks kui ka istutusgruppidesse. Lehed on tumerohelised ja l\u00e4ikivad, mis r\u00f5hutavad \u00f5ite sooja v\u00e4rvi. &#171;Charles Darwin&#187; on suhteliselt haiguskindel ja kasvab h\u00e4sti erinevates tingimustes, eelistades p\u00e4ikeselist kasvukohta.<\/p>\n","protected":false},"featured_media":1006209,"template":"","meta":{"inline_featured_image":false},"product_brand":[],"product_cat":[986],"product_tag":[],"class_list":{"0":"post-1006208","1":"product","2":"type-product","3":"status-publish","4":"has-post-thumbnail","6":"product_cat-roosid-2","8":"first","9":"instock","10":"shipping-taxable","11":"purchasable","12":"product-type-simple"},"_links":{"self":[{"href":"https:\/\/viruplant.ee\/ru\/wp-json\/wp\/v2\/product\/1006208","targetHints":{"allow":["GET"]}}],"collection":[{"href":"https:\/\/viruplant.ee\/ru\/wp-json\/wp\/v2\/product"}],"about":[{"href":"https:\/\/viruplant.ee\/ru\/wp-json\/wp\/v2\/types\/product"}],"wp:featuredmedia":[{"embeddable":true,"href":"https:\/\/viruplant.ee\/ru\/wp-json\/wp\/v2\/media\/1006209"}],"wp:attachment":[{"href":"https:\/\/viruplant.ee\/ru\/wp-json\/wp\/v2\/media?parent=1006208"}],"wp:term":[{"taxonomy":"product_brand","embeddable":true,"href":"https:\/\/viruplant.ee\/ru\/wp-json\/wp\/v2\/product_brand?post=1006208"},{"taxonomy":"product_cat","embeddable":true,"href":"https:\/\/viruplant.ee\/ru\/wp-json\/wp\/v2\/product_cat?post=1006208"},{"taxonomy":"product_tag","embeddable":true,"href":"https:\/\/viruplant.ee\/ru\/wp-json\/wp\/v2\/product_tag?post=1006208"}],"curies":[{"name":"wp","href":"https:\/\/api.w.org\/{rel}","templated":true}]}}