{"id":1006205,"date":"2025-04-26T11:28:54","date_gmt":"2025-04-26T11:28:54","guid":{"rendered":"https:\/\/viruplant.ee\/?post_type=product&#038;p=1006205"},"modified":"2026-03-13T06:46:33","modified_gmt":"2026-03-13T06:46:33","slug":"roos-boscobel","status":"publish","type":"product","link":"https:\/\/viruplant.ee\/ru\/product\/roos-boscobel\/","title":{"rendered":"Roos &#171;Boscobel&#187;"},"content":{"rendered":"<div class=\"vgblk-rw-wrapper limit-wrapper\"><strong>Roos &#171;Boscobel&#187;<br \/>\nSuurus: Taimepott P19<\/strong>\n<\/div>\n<p><!-- .vgblk-rw-wrapper --><\/p>\n","protected":false},"excerpt":{"rendered":"<p><strong>Roos &#171;Boscobel&#187;<br \/>\nSuurus: Taimepott P19<\/strong><br \/>\nRoos &#171;Boscobel&#187; on kaunis ja elegantne sort, mille \u00f5ied on t\u00e4idlased, roosad, m\u00f5nikord aprikoosi tooniga. Need \u00f5ied on suured, \u00f5rnalt avanevad ja t\u00e4idavad aia pehme l\u00f5hnaga.<br \/>\nP\u00f5\u00f5sas ise on keskmise suurusega, tugeva kasvu ja tumeroheliste lehtedega, mis annavad \u00f5itele t\u00e4iendavat kontrasti. &#171;Boscobel&#187; on haiguskindel ja talub h\u00e4sti erinevaid ilmastikutingimusi, mist\u00f5ttu sobib h\u00e4sti igasse aeda.<\/p>\n","protected":false},"featured_media":1006206,"template":"","meta":{"inline_featured_image":false},"product_brand":[],"product_cat":[986],"product_tag":[],"class_list":{"0":"post-1006205","1":"product","2":"type-product","3":"status-publish","4":"has-post-thumbnail","6":"product_cat-roosid-2","8":"first","9":"instock","10":"shipping-taxable","11":"purchasable","12":"product-type-simple"},"_links":{"self":[{"href":"https:\/\/viruplant.ee\/ru\/wp-json\/wp\/v2\/product\/1006205","targetHints":{"allow":["GET"]}}],"collection":[{"href":"https:\/\/viruplant.ee\/ru\/wp-json\/wp\/v2\/product"}],"about":[{"href":"https:\/\/viruplant.ee\/ru\/wp-json\/wp\/v2\/types\/product"}],"wp:featuredmedia":[{"embeddable":true,"href":"https:\/\/viruplant.ee\/ru\/wp-json\/wp\/v2\/media\/1006206"}],"wp:attachment":[{"href":"https:\/\/viruplant.ee\/ru\/wp-json\/wp\/v2\/media?parent=1006205"}],"wp:term":[{"taxonomy":"product_brand","embeddable":true,"href":"https:\/\/viruplant.ee\/ru\/wp-json\/wp\/v2\/product_brand?post=1006205"},{"taxonomy":"product_cat","embeddable":true,"href":"https:\/\/viruplant.ee\/ru\/wp-json\/wp\/v2\/product_cat?post=1006205"},{"taxonomy":"product_tag","embeddable":true,"href":"https:\/\/viruplant.ee\/ru\/wp-json\/wp\/v2\/product_tag?post=1006205"}],"curies":[{"name":"wp","href":"https:\/\/api.w.org\/{rel}","templated":true}]}}