{"id":1006202,"date":"2025-04-26T11:21:57","date_gmt":"2025-04-26T11:21:57","guid":{"rendered":"https:\/\/viruplant.ee\/?post_type=product&#038;p=1006202"},"modified":"2026-03-13T06:46:39","modified_gmt":"2026-03-13T06:46:39","slug":"roos-blue-girl","status":"publish","type":"product","link":"https:\/\/viruplant.ee\/ru\/product\/roos-blue-girl\/","title":{"rendered":"Roos &#171;Blue girl&#187;"},"content":{"rendered":"<div class=\"vgblk-rw-wrapper limit-wrapper\"><strong>Roos &#171;Blue girl&#187;<br \/>\nSuurus: Taimepott P19<\/strong>\n<\/div>\n<p><!-- .vgblk-rw-wrapper --><\/p>\n","protected":false},"excerpt":{"rendered":"<p><strong>Roos &#171;Blue girl&#187;<br \/>\nSuurus: Taimepott P19<\/strong><br \/>\nRoos &#171;Blue girl&#187; &#8212; Teeh\u00fcbriidroos &#8212; kerge l\u00f5hnaga. Erakordne ja silmapaistev sort, millel on unikaalsed, sinakas-lillad \u00f5ied, mis varieeruvad \u00f5rna lavendli toonist intensiivsema sinaka varjundini. P\u00f5\u00f5sad on keskmise suurusega, tugeva kasvu ja tumeroheliste lehtedega, mis toovad esile \u00f5ite erilise v\u00e4rvi. &#171;Blue Girl&#187; on haiguskindel ja talub h\u00e4sti erinevaid ilmastikutingimusi, olles ideaalne valik igasse aeda v\u00f5i peenrasse.<\/p>\n","protected":false},"featured_media":1006203,"template":"","meta":{"inline_featured_image":false},"product_brand":[],"product_cat":[986],"product_tag":[],"class_list":{"0":"post-1006202","1":"product","2":"type-product","3":"status-publish","4":"has-post-thumbnail","6":"product_cat-roosid-2","8":"first","9":"instock","10":"shipping-taxable","11":"purchasable","12":"product-type-simple"},"_links":{"self":[{"href":"https:\/\/viruplant.ee\/ru\/wp-json\/wp\/v2\/product\/1006202","targetHints":{"allow":["GET"]}}],"collection":[{"href":"https:\/\/viruplant.ee\/ru\/wp-json\/wp\/v2\/product"}],"about":[{"href":"https:\/\/viruplant.ee\/ru\/wp-json\/wp\/v2\/types\/product"}],"wp:featuredmedia":[{"embeddable":true,"href":"https:\/\/viruplant.ee\/ru\/wp-json\/wp\/v2\/media\/1006203"}],"wp:attachment":[{"href":"https:\/\/viruplant.ee\/ru\/wp-json\/wp\/v2\/media?parent=1006202"}],"wp:term":[{"taxonomy":"product_brand","embeddable":true,"href":"https:\/\/viruplant.ee\/ru\/wp-json\/wp\/v2\/product_brand?post=1006202"},{"taxonomy":"product_cat","embeddable":true,"href":"https:\/\/viruplant.ee\/ru\/wp-json\/wp\/v2\/product_cat?post=1006202"},{"taxonomy":"product_tag","embeddable":true,"href":"https:\/\/viruplant.ee\/ru\/wp-json\/wp\/v2\/product_tag?post=1006202"}],"curies":[{"name":"wp","href":"https:\/\/api.w.org\/{rel}","templated":true}]}}