{"id":1006194,"date":"2025-04-26T11:08:44","date_gmt":"2025-04-26T11:08:44","guid":{"rendered":"https:\/\/viruplant.ee\/?post_type=product&#038;p=1006194"},"modified":"2026-03-13T06:46:51","modified_gmt":"2026-03-13T06:46:51","slug":"roos-bajazzo","status":"publish","type":"product","link":"https:\/\/viruplant.ee\/ru\/product\/roos-bajazzo\/","title":{"rendered":"Roos &#171;Bajazzo&#187; &#8212; roniroos"},"content":{"rendered":"<div class=\"vgblk-rw-wrapper limit-wrapper\"><strong>Roos &#171;Bajazzo&#187;<br \/>\nSuurus: Taimepott P19<\/strong><br \/>\nRoos &#171;Bajazzo&#187; on roniroos. See sort on tuntud oma tugeva kasvuv\u00f5ime ja pika varre poolest, k\u00f5rgus kuni 200-300 cm. Remontantne, teistkordne \u00f5itsemine on samuti rikkalik.<\/p>\n<p>Taim moodustab kauni ja lopsaka lehestiku, mille vahel avanevad suured, tumepunased \u00f5ied, lisades aeda erksat v\u00e4rvi. &#171;Bajazzo&#187; on ideaalne valik, kui soovite oma aia vertikaalsesse ruumi lisada ilu ja v\u00e4rvi.<\/p><\/div>\n<p><!-- .vgblk-rw-wrapper --><\/p>\n","protected":false},"excerpt":{"rendered":"<p>Roos &#171;Bajazzo&#187; Suurus: Taimepott P19 Roos &#171;Bajazzo&#187; on roniroos. See sort on tuntud oma tugeva kasvuv\u00f5ime ja pika varre poolest, k\u00f5rgus kuni 200-300 cm. Remontantne, teistkordne \u00f5itsemine on samuti rikkalik. Taim moodustab kauni ja lopsaka lehestiku, mille vahel avanevad suured, tumepunased \u00f5ied, lisades aeda erksat v\u00e4rvi. &#171;Bajazzo&#187; on ideaalne valik, kui soovite oma aia vertikaalsesse&#8230;<\/p>\n","protected":false},"featured_media":1006195,"template":"","meta":{"inline_featured_image":false},"product_brand":[],"product_cat":[987],"product_tag":[],"class_list":{"0":"post-1006194","1":"product","2":"type-product","3":"status-publish","4":"has-post-thumbnail","6":"product_cat-roniroosid","8":"first","9":"instock","10":"shipping-taxable","11":"purchasable","12":"product-type-simple"},"_links":{"self":[{"href":"https:\/\/viruplant.ee\/ru\/wp-json\/wp\/v2\/product\/1006194","targetHints":{"allow":["GET"]}}],"collection":[{"href":"https:\/\/viruplant.ee\/ru\/wp-json\/wp\/v2\/product"}],"about":[{"href":"https:\/\/viruplant.ee\/ru\/wp-json\/wp\/v2\/types\/product"}],"wp:featuredmedia":[{"embeddable":true,"href":"https:\/\/viruplant.ee\/ru\/wp-json\/wp\/v2\/media\/1006195"}],"wp:attachment":[{"href":"https:\/\/viruplant.ee\/ru\/wp-json\/wp\/v2\/media?parent=1006194"}],"wp:term":[{"taxonomy":"product_brand","embeddable":true,"href":"https:\/\/viruplant.ee\/ru\/wp-json\/wp\/v2\/product_brand?post=1006194"},{"taxonomy":"product_cat","embeddable":true,"href":"https:\/\/viruplant.ee\/ru\/wp-json\/wp\/v2\/product_cat?post=1006194"},{"taxonomy":"product_tag","embeddable":true,"href":"https:\/\/viruplant.ee\/ru\/wp-json\/wp\/v2\/product_tag?post=1006194"}],"curies":[{"name":"wp","href":"https:\/\/api.w.org\/{rel}","templated":true}]}}