{"id":1006190,"date":"2025-04-25T12:10:17","date_gmt":"2025-04-25T12:10:17","guid":{"rendered":"https:\/\/viruplant.ee\/?post_type=product&#038;p=1006190"},"modified":"2026-03-13T06:47:05","modified_gmt":"2026-03-13T06:47:05","slug":"roos-augusta-luise","status":"publish","type":"product","link":"https:\/\/viruplant.ee\/ru\/product\/roos-augusta-luise\/","title":{"rendered":"Roos &#171;Augusta Luise&#187;"},"content":{"rendered":"","protected":false},"excerpt":{"rendered":"<p><strong>Roos &#171;Augusta Luise&#187;<br \/>\nSuurus: Taimepott P19<\/strong><br \/>\nRoos &#171;Augusta Luise&#187; on elegantne ja lummav sort, mille \u00f5ied on suured, kreemikas-valged, tihedad ja t\u00e4idlased. \u00d5ied v\u00f5ivad m\u00f5nikord omada \u00f5rna roosakat v\u00f5i kuldset varjundit, andes neile sooja ja peene v\u00e4limuse. \u00d5ites on peen l\u00f5hn, mis t\u00e4iendab nende kauneid vorme.<\/p>\n<p>P\u00f5\u00f5sad on tugeva kasvu ja keskmise suurusega, kaunistatud tumeroheliste lehtedega, mis t\u00f5stavad esile \u00f5ite elegantsi. &#171;Augusta Luise&#187; on vastupidav haigustele ja talub h\u00e4sti erinevaid ilmastikuolusid, olles ideaalne valik igasse aeda.<\/p>\n<p>See roos sobib h\u00e4sti l\u00f5ikelilledeks ja kaunistab aiapeenraid, tuues aeda elegantsi, \u00f5rnuse ja klassikalise ilu.<\/p>\n","protected":false},"featured_media":1006191,"template":"","meta":{"inline_featured_image":false},"product_brand":[],"product_cat":[986],"product_tag":[],"class_list":{"0":"post-1006190","1":"product","2":"type-product","3":"status-publish","4":"has-post-thumbnail","6":"product_cat-roosid-2","8":"first","9":"instock","10":"shipping-taxable","11":"purchasable","12":"product-type-simple"},"_links":{"self":[{"href":"https:\/\/viruplant.ee\/ru\/wp-json\/wp\/v2\/product\/1006190","targetHints":{"allow":["GET"]}}],"collection":[{"href":"https:\/\/viruplant.ee\/ru\/wp-json\/wp\/v2\/product"}],"about":[{"href":"https:\/\/viruplant.ee\/ru\/wp-json\/wp\/v2\/types\/product"}],"wp:featuredmedia":[{"embeddable":true,"href":"https:\/\/viruplant.ee\/ru\/wp-json\/wp\/v2\/media\/1006191"}],"wp:attachment":[{"href":"https:\/\/viruplant.ee\/ru\/wp-json\/wp\/v2\/media?parent=1006190"}],"wp:term":[{"taxonomy":"product_brand","embeddable":true,"href":"https:\/\/viruplant.ee\/ru\/wp-json\/wp\/v2\/product_brand?post=1006190"},{"taxonomy":"product_cat","embeddable":true,"href":"https:\/\/viruplant.ee\/ru\/wp-json\/wp\/v2\/product_cat?post=1006190"},{"taxonomy":"product_tag","embeddable":true,"href":"https:\/\/viruplant.ee\/ru\/wp-json\/wp\/v2\/product_tag?post=1006190"}],"curies":[{"name":"wp","href":"https:\/\/api.w.org\/{rel}","templated":true}]}}