{"id":1006187,"date":"2025-04-25T12:08:43","date_gmt":"2025-04-25T12:08:43","guid":{"rendered":"https:\/\/viruplant.ee\/?post_type=product&#038;p=1006187"},"modified":"2026-03-13T06:47:11","modified_gmt":"2026-03-13T06:47:11","slug":"roos-aspirin-rose","status":"publish","type":"product","link":"https:\/\/viruplant.ee\/ru\/product\/roos-aspirin-rose\/","title":{"rendered":"Roos &#171;Aspirin rose&#187;"},"content":{"rendered":"","protected":false},"excerpt":{"rendered":"<p><strong>Roos &#171;Aspirin rose&#187;<br \/>\nSuurus: Taimepott P19<\/strong><br \/>\nRoos &#171;Aspirin Rose&#187; on kaunis ja lihtne sort, millel on puhtalt valged, tihedad \u00f5ied, millel on kerge roosakas varjund. \u00d5ied on keskmise suurusega ja neil on meeldiv, \u00f5rn aroom, mis ei ole liiga tungiv.<\/p>\n<p>P\u00f5\u00f5sad on keskmise suurusega, tugeva kasvu ja tumeroheliste lehtedega, mis t\u00f5stavad esile \u00f5ite valget v\u00e4rvi. &#171;Aspirin Rose&#187; on vastupidav haigustele ja talub h\u00e4sti erinevaid ilmastikutingimusi.<\/p>\n","protected":false},"featured_media":1006188,"template":"","meta":{"inline_featured_image":false},"product_brand":[],"product_cat":[986],"product_tag":[],"class_list":{"0":"post-1006187","1":"product","2":"type-product","3":"status-publish","4":"has-post-thumbnail","6":"product_cat-roosid-2","8":"first","9":"instock","10":"shipping-taxable","11":"purchasable","12":"product-type-simple"},"_links":{"self":[{"href":"https:\/\/viruplant.ee\/ru\/wp-json\/wp\/v2\/product\/1006187","targetHints":{"allow":["GET"]}}],"collection":[{"href":"https:\/\/viruplant.ee\/ru\/wp-json\/wp\/v2\/product"}],"about":[{"href":"https:\/\/viruplant.ee\/ru\/wp-json\/wp\/v2\/types\/product"}],"wp:featuredmedia":[{"embeddable":true,"href":"https:\/\/viruplant.ee\/ru\/wp-json\/wp\/v2\/media\/1006188"}],"wp:attachment":[{"href":"https:\/\/viruplant.ee\/ru\/wp-json\/wp\/v2\/media?parent=1006187"}],"wp:term":[{"taxonomy":"product_brand","embeddable":true,"href":"https:\/\/viruplant.ee\/ru\/wp-json\/wp\/v2\/product_brand?post=1006187"},{"taxonomy":"product_cat","embeddable":true,"href":"https:\/\/viruplant.ee\/ru\/wp-json\/wp\/v2\/product_cat?post=1006187"},{"taxonomy":"product_tag","embeddable":true,"href":"https:\/\/viruplant.ee\/ru\/wp-json\/wp\/v2\/product_tag?post=1006187"}],"curies":[{"name":"wp","href":"https:\/\/api.w.org\/{rel}","templated":true}]}}