{"id":1006184,"date":"2025-04-25T12:06:53","date_gmt":"2025-04-25T12:06:53","guid":{"rendered":"https:\/\/viruplant.ee\/?post_type=product&#038;p=1006184"},"modified":"2026-03-13T06:47:18","modified_gmt":"2026-03-13T06:47:18","slug":"roos-arthur-bell","status":"publish","type":"product","link":"https:\/\/viruplant.ee\/ru\/product\/roos-arthur-bell\/","title":{"rendered":"Roos &#171;Arthur Bell&#187;"},"content":{"rendered":"","protected":false},"excerpt":{"rendered":"<p><strong>Roos &#171;Arthur Bell&#187;<br \/>\nSuurus: Taimepott P19<\/strong><br \/>\nRoos &#171;Arthur Bell&#187; on eriline sort, millel on suured, helekollased \u00f5ied, mis omavad kerget aprikoosi v\u00f5i kuldset tooni. \u00d5ied on t\u00e4idlased ja tihedad, meenutades v\u00e4ikseid roosikogumeid, millel on pehme ja meeldiv l\u00f5hn.<\/p>\n<p>P\u00f5\u00f5sad on kompaktse kasvu ja tugeva harunevusega, kaunistatud tumeroheliste lehtedega, mis loovad kauni kontrasti \u00f5ite s\u00e4raga. &#171;Arthur Bell&#187; on haiguskindel ja talub h\u00e4sti erinevaid ilmastikutingimusi, olles suurep\u00e4rane valik aedadesse ja peenardesse.<\/p>\n","protected":false},"featured_media":1006185,"template":"","meta":{"inline_featured_image":false},"product_brand":[],"product_cat":[986],"product_tag":[],"class_list":{"0":"post-1006184","1":"product","2":"type-product","3":"status-publish","4":"has-post-thumbnail","6":"product_cat-roosid-2","8":"first","9":"instock","10":"shipping-taxable","11":"purchasable","12":"product-type-simple"},"_links":{"self":[{"href":"https:\/\/viruplant.ee\/ru\/wp-json\/wp\/v2\/product\/1006184","targetHints":{"allow":["GET"]}}],"collection":[{"href":"https:\/\/viruplant.ee\/ru\/wp-json\/wp\/v2\/product"}],"about":[{"href":"https:\/\/viruplant.ee\/ru\/wp-json\/wp\/v2\/types\/product"}],"wp:featuredmedia":[{"embeddable":true,"href":"https:\/\/viruplant.ee\/ru\/wp-json\/wp\/v2\/media\/1006185"}],"wp:attachment":[{"href":"https:\/\/viruplant.ee\/ru\/wp-json\/wp\/v2\/media?parent=1006184"}],"wp:term":[{"taxonomy":"product_brand","embeddable":true,"href":"https:\/\/viruplant.ee\/ru\/wp-json\/wp\/v2\/product_brand?post=1006184"},{"taxonomy":"product_cat","embeddable":true,"href":"https:\/\/viruplant.ee\/ru\/wp-json\/wp\/v2\/product_cat?post=1006184"},{"taxonomy":"product_tag","embeddable":true,"href":"https:\/\/viruplant.ee\/ru\/wp-json\/wp\/v2\/product_tag?post=1006184"}],"curies":[{"name":"wp","href":"https:\/\/api.w.org\/{rel}","templated":true}]}}