{"id":1006181,"date":"2025-04-25T12:04:52","date_gmt":"2025-04-25T12:04:52","guid":{"rendered":"https:\/\/viruplant.ee\/?post_type=product&#038;p=1006181"},"modified":"2026-03-13T06:47:24","modified_gmt":"2026-03-13T06:47:24","slug":"roos-annapurna","status":"publish","type":"product","link":"https:\/\/viruplant.ee\/ru\/product\/roos-annapurna\/","title":{"rendered":"Roos &#171;Annapurna&#187;"},"content":{"rendered":"","protected":false},"excerpt":{"rendered":"<p><strong>Roos &#171;Annapurna&#187;<br \/>\nSuurus: Taimepott P19<\/strong><br \/>\nRoos &#171;Annapurna&#187; on kaunis ja luksuslik sort, mille suured kreemikad \u00f5ied v\u00f5ivad olla \u00f5rnalt roosaka alatooniga. \u00d5ied on t\u00e4idlased, tihedad ja kaunilt vormitud, millel on meeldiv ja \u00f5rn l\u00f5hn.<\/p>\n<p>P\u00f5\u00f5sad on keskmise suurusega, tugeva kasvuga ja tumeroheliste lehtedega, mis t\u00f5stavad esile \u00f5ite pehmuse. &#171;Annapurna&#187; roos on vastupidav haigustele ja erinevatele ilmastikutingimustele, olles ideaalne valik igasse aeda.<\/p>\n<p>See roos sobib suurep\u00e4raselt l\u00f5ikelilledeks ja kaunistab aiapeenraid oma elegantse v\u00e4limusega, lisades aeda soojust ja peenust.<\/p>\n","protected":false},"featured_media":1006182,"template":"","meta":{"inline_featured_image":false},"product_brand":[],"product_cat":[986],"product_tag":[],"class_list":{"0":"post-1006181","1":"product","2":"type-product","3":"status-publish","4":"has-post-thumbnail","6":"product_cat-roosid-2","8":"first","9":"instock","10":"shipping-taxable","11":"purchasable","12":"product-type-simple"},"_links":{"self":[{"href":"https:\/\/viruplant.ee\/ru\/wp-json\/wp\/v2\/product\/1006181","targetHints":{"allow":["GET"]}}],"collection":[{"href":"https:\/\/viruplant.ee\/ru\/wp-json\/wp\/v2\/product"}],"about":[{"href":"https:\/\/viruplant.ee\/ru\/wp-json\/wp\/v2\/types\/product"}],"wp:featuredmedia":[{"embeddable":true,"href":"https:\/\/viruplant.ee\/ru\/wp-json\/wp\/v2\/media\/1006182"}],"wp:attachment":[{"href":"https:\/\/viruplant.ee\/ru\/wp-json\/wp\/v2\/media?parent=1006181"}],"wp:term":[{"taxonomy":"product_brand","embeddable":true,"href":"https:\/\/viruplant.ee\/ru\/wp-json\/wp\/v2\/product_brand?post=1006181"},{"taxonomy":"product_cat","embeddable":true,"href":"https:\/\/viruplant.ee\/ru\/wp-json\/wp\/v2\/product_cat?post=1006181"},{"taxonomy":"product_tag","embeddable":true,"href":"https:\/\/viruplant.ee\/ru\/wp-json\/wp\/v2\/product_tag?post=1006181"}],"curies":[{"name":"wp","href":"https:\/\/api.w.org\/{rel}","templated":true}]}}