{"id":1006170,"date":"2025-04-24T11:06:00","date_gmt":"2025-04-24T11:06:00","guid":{"rendered":"https:\/\/viruplant.ee\/?post_type=product&#038;p=1006170"},"modified":"2025-04-24T11:06:00","modified_gmt":"2025-04-24T11:06:00","slug":"thunbergi-kukerpuu-kobold","status":"publish","type":"product","link":"https:\/\/viruplant.ee\/ru\/product\/thunbergi-kukerpuu-kobold\/","title":{"rendered":"Thunbergi kukerpuu &#8216;Kobold&#8217;"},"content":{"rendered":"<div class=\"vgblk-rw-wrapper limit-wrapper\"><strong>Berberis thunbergii &#8216;Kobold&#8217;<br \/>\nSuurus: Taimepott P12<\/strong><br \/>\nKukerpuu \u2018Kobold\u2019 on v\u00e4ike, \u00fcmar ja aeglase kasvuga p\u00f5\u00f5sas, mis ulatub umbes 50\u201360 cm k\u00f5rguseks ja laiuseks. Lehed on rohelised, s\u00fcgisel muutuvad kollaseks v\u00f5i punakaks. \u00d5itseb mais v\u00e4ikeste kollaste \u00f5itega ja s\u00fcgisel tekivad punased viljad. Sobib h\u00e4sti madalaks hekiks, peenrasse v\u00f5i kiviktaimlasse. On k\u00fclmakindel ja v\u00e4hen\u00f5udlik.<\/div>\n<p><!-- .vgblk-rw-wrapper --><\/p>\n","protected":false},"excerpt":{"rendered":"<p><strong>Berberis thunbergii &#8216;Kobold&#8217;<br \/>\nSuurus: Taimepott P12<\/strong><\/p>\n","protected":false},"featured_media":1004740,"template":"","meta":{"inline_featured_image":false},"product_brand":[],"product_cat":[985],"product_tag":[],"class_list":{"0":"post-1006170","1":"product","2":"type-product","3":"status-publish","4":"has-post-thumbnail","6":"product_cat-kukerpuud-2","8":"first","9":"instock","10":"shipping-taxable","11":"purchasable","12":"product-type-simple"},"_links":{"self":[{"href":"https:\/\/viruplant.ee\/ru\/wp-json\/wp\/v2\/product\/1006170","targetHints":{"allow":["GET"]}}],"collection":[{"href":"https:\/\/viruplant.ee\/ru\/wp-json\/wp\/v2\/product"}],"about":[{"href":"https:\/\/viruplant.ee\/ru\/wp-json\/wp\/v2\/types\/product"}],"wp:featuredmedia":[{"embeddable":true,"href":"https:\/\/viruplant.ee\/ru\/wp-json\/wp\/v2\/media\/1004740"}],"wp:attachment":[{"href":"https:\/\/viruplant.ee\/ru\/wp-json\/wp\/v2\/media?parent=1006170"}],"wp:term":[{"taxonomy":"product_brand","embeddable":true,"href":"https:\/\/viruplant.ee\/ru\/wp-json\/wp\/v2\/product_brand?post=1006170"},{"taxonomy":"product_cat","embeddable":true,"href":"https:\/\/viruplant.ee\/ru\/wp-json\/wp\/v2\/product_cat?post=1006170"},{"taxonomy":"product_tag","embeddable":true,"href":"https:\/\/viruplant.ee\/ru\/wp-json\/wp\/v2\/product_tag?post=1006170"}],"curies":[{"name":"wp","href":"https:\/\/api.w.org\/{rel}","templated":true}]}}