{"id":1006169,"date":"2025-04-24T11:03:51","date_gmt":"2025-04-24T11:03:51","guid":{"rendered":"https:\/\/viruplant.ee\/?post_type=product&#038;p=1006169"},"modified":"2025-04-24T11:03:51","modified_gmt":"2025-04-24T11:03:51","slug":"thunbergi-kukerpuu-lutin-rouge","status":"publish","type":"product","link":"https:\/\/viruplant.ee\/ru\/product\/thunbergi-kukerpuu-lutin-rouge\/","title":{"rendered":"Thunbergi kukerpuu &#8216;Lutin Rouge&#8217;"},"content":{"rendered":"<div class=\"vgblk-rw-wrapper limit-wrapper\"><strong>Berberis thunbergii &#8216;Lutin Rouge&#8217;<br \/>\nSuurus: Taimepott P12<\/strong><br \/>\nKukerpuu \u2018Lutin Rouge\u2019 on madal ja kompaktne p\u00f5\u00f5sas, mis kasvab kuni 50 cm k\u00f5rguseks ja umbes 80 cm laiuseks. Lehed on kevadel helerohelised, suvel muutuvad oran\u017eikaks ja s\u00fcgisel punaseks, lisades aeda palju v\u00e4rvi. Sobib h\u00e4sti \u00e4\u00e4ristaimeks, madalaks hekiks v\u00f5i kiviktaimlasse. On k\u00fclmakindel ja kasvab h\u00e4sti p\u00e4ikeselises kasvukohas.<\/div>\n<p><!-- .vgblk-rw-wrapper --><\/p>\n","protected":false},"excerpt":{"rendered":"<p><strong>Berberis thunbergii &#8216;Lutin Rouge&#8217;<br \/>\nSuurus: Taimepott P12<\/strong><\/p>\n","protected":false},"featured_media":1004747,"template":"","meta":{"inline_featured_image":false},"product_brand":[],"product_cat":[985],"product_tag":[],"class_list":{"0":"post-1006169","1":"product","2":"type-product","3":"status-publish","4":"has-post-thumbnail","6":"product_cat-kukerpuud-2","8":"first","9":"instock","10":"shipping-taxable","11":"purchasable","12":"product-type-simple"},"_links":{"self":[{"href":"https:\/\/viruplant.ee\/ru\/wp-json\/wp\/v2\/product\/1006169","targetHints":{"allow":["GET"]}}],"collection":[{"href":"https:\/\/viruplant.ee\/ru\/wp-json\/wp\/v2\/product"}],"about":[{"href":"https:\/\/viruplant.ee\/ru\/wp-json\/wp\/v2\/types\/product"}],"wp:featuredmedia":[{"embeddable":true,"href":"https:\/\/viruplant.ee\/ru\/wp-json\/wp\/v2\/media\/1004747"}],"wp:attachment":[{"href":"https:\/\/viruplant.ee\/ru\/wp-json\/wp\/v2\/media?parent=1006169"}],"wp:term":[{"taxonomy":"product_brand","embeddable":true,"href":"https:\/\/viruplant.ee\/ru\/wp-json\/wp\/v2\/product_brand?post=1006169"},{"taxonomy":"product_cat","embeddable":true,"href":"https:\/\/viruplant.ee\/ru\/wp-json\/wp\/v2\/product_cat?post=1006169"},{"taxonomy":"product_tag","embeddable":true,"href":"https:\/\/viruplant.ee\/ru\/wp-json\/wp\/v2\/product_tag?post=1006169"}],"curies":[{"name":"wp","href":"https:\/\/api.w.org\/{rel}","templated":true}]}}