{"id":1006168,"date":"2025-04-24T10:46:13","date_gmt":"2025-04-24T10:46:13","guid":{"rendered":"https:\/\/viruplant.ee\/?post_type=product&#038;p=1006168"},"modified":"2025-04-24T10:46:13","modified_gmt":"2025-04-24T10:46:13","slug":"thunbergi-kukerpuu-summer-sunset","status":"publish","type":"product","link":"https:\/\/viruplant.ee\/ru\/product\/thunbergi-kukerpuu-summer-sunset\/","title":{"rendered":"Thunbergi kukerpuu &#8216;Summer Sunset&#8217;"},"content":{"rendered":"<div class=\"vgblk-rw-wrapper limit-wrapper\"><strong>Berberis thunbergii &#8216;Summer Sunset&#8217;<br \/>\nSuurus: Taimepott P12<\/strong><br \/>\nKukerpuu \u2018Summer Sunset\u2019 on madal ja tihe p\u00f5\u00f5sas, mille lehed on suvel kollased punaka varjundiga ja s\u00fcgisel muutuvad oran\u017eiks v\u00f5i punaseks. Ta kasvab umbes 40\u201360 cm k\u00f5rguseks ja laiuseks, sobides h\u00e4sti peenrasse, \u00e4\u00e4ristaimeks v\u00f5i isegi potti. Kevadel \u00f5itseb v\u00e4ikeste kollaste \u00f5itega ja s\u00fcgisel kannab punaseid vilju. Eelistab p\u00e4ikeselist kasvukohta ning on k\u00fclmakindel ja v\u00e4hen\u00f5udlik. Sobib h\u00e4sti v\u00e4rviliseks aktsendiks aeda.<\/div>\n<p><!-- .vgblk-rw-wrapper --><\/p>\n","protected":false},"excerpt":{"rendered":"<p><strong>Berberis thunbergii &#8216;Summer Sunset&#8217;<br \/>\nSuurus: Taimepott P12<\/strong><\/p>\n","protected":false},"featured_media":1004782,"template":"","meta":{"inline_featured_image":false},"product_brand":[],"product_cat":[985],"product_tag":[],"class_list":{"0":"post-1006168","1":"product","2":"type-product","3":"status-publish","4":"has-post-thumbnail","6":"product_cat-kukerpuud-2","8":"first","9":"instock","10":"shipping-taxable","11":"purchasable","12":"product-type-simple"},"_links":{"self":[{"href":"https:\/\/viruplant.ee\/ru\/wp-json\/wp\/v2\/product\/1006168","targetHints":{"allow":["GET"]}}],"collection":[{"href":"https:\/\/viruplant.ee\/ru\/wp-json\/wp\/v2\/product"}],"about":[{"href":"https:\/\/viruplant.ee\/ru\/wp-json\/wp\/v2\/types\/product"}],"wp:featuredmedia":[{"embeddable":true,"href":"https:\/\/viruplant.ee\/ru\/wp-json\/wp\/v2\/media\/1004782"}],"wp:attachment":[{"href":"https:\/\/viruplant.ee\/ru\/wp-json\/wp\/v2\/media?parent=1006168"}],"wp:term":[{"taxonomy":"product_brand","embeddable":true,"href":"https:\/\/viruplant.ee\/ru\/wp-json\/wp\/v2\/product_brand?post=1006168"},{"taxonomy":"product_cat","embeddable":true,"href":"https:\/\/viruplant.ee\/ru\/wp-json\/wp\/v2\/product_cat?post=1006168"},{"taxonomy":"product_tag","embeddable":true,"href":"https:\/\/viruplant.ee\/ru\/wp-json\/wp\/v2\/product_tag?post=1006168"}],"curies":[{"name":"wp","href":"https:\/\/api.w.org\/{rel}","templated":true}]}}