{"id":1006166,"date":"2025-04-24T10:40:18","date_gmt":"2025-04-24T10:40:18","guid":{"rendered":"https:\/\/viruplant.ee\/?post_type=product&#038;p=1006166"},"modified":"2025-04-24T10:40:18","modified_gmt":"2025-04-24T10:40:18","slug":"thunbergi-kukerpuu-green-ornament","status":"publish","type":"product","link":"https:\/\/viruplant.ee\/ru\/product\/thunbergi-kukerpuu-green-ornament\/","title":{"rendered":"Thunbergi kukerpuu &#8216;Green Ornament&#8217;"},"content":{"rendered":"<div class=\"vgblk-rw-wrapper limit-wrapper\"><strong>Berberis thunbergii &#8216;Green Ornament&#8217;<br \/>\nSuurus: Taimepott P12<\/strong><br \/>\nKukerpuu \u2018Green Ornament\u2019 on keskmise suurusega p\u00f5\u00f5sas, mis kasvab kuni 1,5 meetri k\u00f5rguseks ja moodustab tiheda, \u00fcmaravormilise v\u00f5ra. Kevadel on lehed pronksikasrohelised, suvel tumerohelised ja s\u00fcgisel v\u00e4rvuvad punakaskollaseks, pakkudes aastaringselt muutuvat v\u00e4rvim\u00e4ngu. Mais ja juunis ilmuvad v\u00e4ikesed kollased \u00f5ied ning s\u00fcgisel valmivad punased dekoratiivsed marjad. Taim on v\u00e4hen\u00f5udlik, k\u00fclmakindel ja sobib h\u00e4sti p\u00e4ikeselisse v\u00f5i poolvarjulisse kasvukohta. \u2018Green Ornament\u2019 sobib suurep\u00e4raselt hekkideks, peenrasse v\u00f5i \u00fcksikistutusse struktuuri ja v\u00e4rvi lisamiseks.<\/div>\n<p><!-- .vgblk-rw-wrapper --><\/p>\n","protected":false},"excerpt":{"rendered":"<p><strong>Berberis thunbergii &#8216;Green Ornament&#8217;<br \/>\nSuurus: Taimepott P12<\/strong><\/p>\n","protected":false},"featured_media":1004787,"template":"","meta":{"inline_featured_image":false},"product_brand":[],"product_cat":[985],"product_tag":[],"class_list":{"0":"post-1006166","1":"product","2":"type-product","3":"status-publish","4":"has-post-thumbnail","6":"product_cat-kukerpuud-2","8":"first","9":"instock","10":"shipping-taxable","11":"purchasable","12":"product-type-simple"},"_links":{"self":[{"href":"https:\/\/viruplant.ee\/ru\/wp-json\/wp\/v2\/product\/1006166","targetHints":{"allow":["GET"]}}],"collection":[{"href":"https:\/\/viruplant.ee\/ru\/wp-json\/wp\/v2\/product"}],"about":[{"href":"https:\/\/viruplant.ee\/ru\/wp-json\/wp\/v2\/types\/product"}],"wp:featuredmedia":[{"embeddable":true,"href":"https:\/\/viruplant.ee\/ru\/wp-json\/wp\/v2\/media\/1004787"}],"wp:attachment":[{"href":"https:\/\/viruplant.ee\/ru\/wp-json\/wp\/v2\/media?parent=1006166"}],"wp:term":[{"taxonomy":"product_brand","embeddable":true,"href":"https:\/\/viruplant.ee\/ru\/wp-json\/wp\/v2\/product_brand?post=1006166"},{"taxonomy":"product_cat","embeddable":true,"href":"https:\/\/viruplant.ee\/ru\/wp-json\/wp\/v2\/product_cat?post=1006166"},{"taxonomy":"product_tag","embeddable":true,"href":"https:\/\/viruplant.ee\/ru\/wp-json\/wp\/v2\/product_tag?post=1006166"}],"curies":[{"name":"wp","href":"https:\/\/api.w.org\/{rel}","templated":true}]}}