{"id":1006165,"date":"2025-04-24T10:36:27","date_gmt":"2025-04-24T10:36:27","guid":{"rendered":"https:\/\/viruplant.ee\/?post_type=product&#038;p=1006165"},"modified":"2025-04-24T10:36:27","modified_gmt":"2025-04-24T10:36:27","slug":"thunbergi-kukerpuu-tiny-gold","status":"publish","type":"product","link":"https:\/\/viruplant.ee\/ru\/product\/thunbergi-kukerpuu-tiny-gold\/","title":{"rendered":"Thunbergi kukerpuu &#8216;Tiny Gold&#8217;"},"content":{"rendered":"<div class=\"vgblk-rw-wrapper limit-wrapper\"><strong>Berberis thunbergii &#8216;Tiny Gold&#8217;<br \/>\nSuurus: Taimepott P12<\/strong><br \/>\nKukerpuu \u2018Tiny Gold\u2019 on v\u00e4ga madal ja kompaktne p\u00f5\u00f5sas, mis sobib h\u00e4sti v\u00e4ikestesse aedadesse, \u00e4\u00e4ristaimeks v\u00f5i kiviktaimlasse. Ta kasvab umbes 30\u201340 cm k\u00f5rguseks ja kuni 50 cm laiuseks, moodustades tiheda ja \u00fchtlase vormi. Lehed on silmatorkavalt erkkollased, kevadel veidi laimirohelised ja s\u00fcgisel oran\u017eika varjundiga. Mais v\u00f5i juunis ilmuvad v\u00e4ikesed kollased \u00f5ied, millele j\u00e4rgnevad punased marjad. \u2018Tiny Gold\u2019 on k\u00fclmakindel ja v\u00e4hen\u00f5udlik, kuid vajab p\u00e4ikeselist kasvukohta ja ei talu liigniiskust.<\/div>\n<p><!-- .vgblk-rw-wrapper --><\/p>\n","protected":false},"excerpt":{"rendered":"<p><strong>Berberis thunbergii &#8216;Tiny Gold&#8217;<br \/>\nSuurus: Taimepott P12<\/strong><\/p>\n","protected":false},"featured_media":1004817,"template":"","meta":{"inline_featured_image":false},"product_brand":[],"product_cat":[985],"product_tag":[],"class_list":{"0":"post-1006165","1":"product","2":"type-product","3":"status-publish","4":"has-post-thumbnail","6":"product_cat-kukerpuud-2","8":"first","9":"instock","10":"shipping-taxable","11":"purchasable","12":"product-type-simple"},"_links":{"self":[{"href":"https:\/\/viruplant.ee\/ru\/wp-json\/wp\/v2\/product\/1006165","targetHints":{"allow":["GET"]}}],"collection":[{"href":"https:\/\/viruplant.ee\/ru\/wp-json\/wp\/v2\/product"}],"about":[{"href":"https:\/\/viruplant.ee\/ru\/wp-json\/wp\/v2\/types\/product"}],"wp:featuredmedia":[{"embeddable":true,"href":"https:\/\/viruplant.ee\/ru\/wp-json\/wp\/v2\/media\/1004817"}],"wp:attachment":[{"href":"https:\/\/viruplant.ee\/ru\/wp-json\/wp\/v2\/media?parent=1006165"}],"wp:term":[{"taxonomy":"product_brand","embeddable":true,"href":"https:\/\/viruplant.ee\/ru\/wp-json\/wp\/v2\/product_brand?post=1006165"},{"taxonomy":"product_cat","embeddable":true,"href":"https:\/\/viruplant.ee\/ru\/wp-json\/wp\/v2\/product_cat?post=1006165"},{"taxonomy":"product_tag","embeddable":true,"href":"https:\/\/viruplant.ee\/ru\/wp-json\/wp\/v2\/product_tag?post=1006165"}],"curies":[{"name":"wp","href":"https:\/\/api.w.org\/{rel}","templated":true}]}}