{"id":1006164,"date":"2025-04-24T06:59:01","date_gmt":"2025-04-24T06:59:01","guid":{"rendered":"https:\/\/viruplant.ee\/?post_type=product&#038;p=1006164"},"modified":"2025-04-24T06:59:02","modified_gmt":"2025-04-24T06:59:02","slug":"thunbergi-kukerpuu-sunsation","status":"publish","type":"product","link":"https:\/\/viruplant.ee\/ru\/product\/thunbergi-kukerpuu-sunsation\/","title":{"rendered":"Thunbergi kukerpuu &#8216;Sunsation&#8217;"},"content":{"rendered":"<div class=\"vgblk-rw-wrapper limit-wrapper\"><strong>Thunbergi kukerpuu &#8216;Sunsation&#8217;<br \/>\nSuurus: Taimepott P12<\/strong><br \/>\nKukerpuu \u2018Sunsation\u2019 on madal ja laiuv p\u00f5\u00f5sas, millel on silmatorkavalt erkkollased lehed. Noored lehed v\u00f5ivad olla oran\u017eika varjundiga, mis muudab taime eriti efektseks kogu suve v\u00e4ltel. S\u00fcgisel omandab lehestik kuldkollase kuni oran\u017eika tooni. P\u00f5\u00f5sas kasvab kuni 60 cm k\u00f5rguseks ja kuni 80 cm laiuseks ning sobib h\u00e4sti peenrasse, \u00e4\u00e4ristaimeks v\u00f5i madalaks hekip\u00f5\u00f5saks. \u2018Sunsation\u2019 eelistab p\u00e4ikeselist kasvukohta, on k\u00fclmakindel ja v\u00e4hen\u00f5udlik, kuid ei talu liigniiskust.<\/div>\n<p><!-- .vgblk-rw-wrapper --><\/p>\n","protected":false},"excerpt":{"rendered":"<p><strong>Thunbergi kukerpuu &#8216;Sunsation&#8217;<br \/>\nSuurus: Taimepott P12<\/strong><\/p>\n","protected":false},"featured_media":1004785,"template":"","meta":{"inline_featured_image":false},"product_brand":[],"product_cat":[985],"product_tag":[],"class_list":{"0":"post-1006164","1":"product","2":"type-product","3":"status-publish","4":"has-post-thumbnail","6":"product_cat-kukerpuud-2","8":"first","9":"instock","10":"shipping-taxable","11":"purchasable","12":"product-type-simple"},"_links":{"self":[{"href":"https:\/\/viruplant.ee\/ru\/wp-json\/wp\/v2\/product\/1006164","targetHints":{"allow":["GET"]}}],"collection":[{"href":"https:\/\/viruplant.ee\/ru\/wp-json\/wp\/v2\/product"}],"about":[{"href":"https:\/\/viruplant.ee\/ru\/wp-json\/wp\/v2\/types\/product"}],"wp:featuredmedia":[{"embeddable":true,"href":"https:\/\/viruplant.ee\/ru\/wp-json\/wp\/v2\/media\/1004785"}],"wp:attachment":[{"href":"https:\/\/viruplant.ee\/ru\/wp-json\/wp\/v2\/media?parent=1006164"}],"wp:term":[{"taxonomy":"product_brand","embeddable":true,"href":"https:\/\/viruplant.ee\/ru\/wp-json\/wp\/v2\/product_brand?post=1006164"},{"taxonomy":"product_cat","embeddable":true,"href":"https:\/\/viruplant.ee\/ru\/wp-json\/wp\/v2\/product_cat?post=1006164"},{"taxonomy":"product_tag","embeddable":true,"href":"https:\/\/viruplant.ee\/ru\/wp-json\/wp\/v2\/product_tag?post=1006164"}],"curies":[{"name":"wp","href":"https:\/\/api.w.org\/{rel}","templated":true}]}}