{"id":1006163,"date":"2025-04-24T06:54:07","date_gmt":"2025-04-24T06:54:07","guid":{"rendered":"https:\/\/viruplant.ee\/?post_type=product&#038;p=1006163"},"modified":"2025-04-24T06:54:07","modified_gmt":"2025-04-24T06:54:07","slug":"thunbergi-kukerpuu-atropurpurea-nana","status":"publish","type":"product","link":"https:\/\/viruplant.ee\/ru\/product\/thunbergi-kukerpuu-atropurpurea-nana\/","title":{"rendered":"Thunbergi kukerpuu &#8216;Atropurpurea Nana&#8217;"},"content":{"rendered":"<div class=\"vgblk-rw-wrapper limit-wrapper\"><strong>Berberis thunbergii &#8216;Atropurpurea Nana&#8217;<br \/>\nSuurus: Taimepott P12<\/strong><br \/>\nKukerpuu \u2018Atropurpurea Nana\u2019 on madal ja aeglase kasvuga p\u00f5\u00f5sas, mis ulatub kuni 45 cm k\u00f5rguseks ja 60 cm laiuseks. Taimel on v\u00e4ikesed tumepunased lehed, mis kevadel muutuvad erksamaks punaseks ja s\u00fcgisel omandavad veelgi s\u00fcgavama tooni. P\u00f5\u00f5sas eelistab p\u00e4ikeselist kuni poolvarjulist kasvukohta ning h\u00e4sti vett l\u00e4bilaskvat mulda. \u2018Atropurpurea Nana\u2019 sobib h\u00e4sti \u00e4\u00e4ristaimeks, madalateks hekkideks v\u00f5i kiviktaimlasse.<\/div>\n<p><!-- .vgblk-rw-wrapper --><\/p>\n","protected":false},"excerpt":{"rendered":"<p><strong>Berberis thunbergii &#8216;Atropurpurea Nana&#8217;<br \/>\nSuurus: Taimepott P12<\/strong><\/p>\n","protected":false},"featured_media":1004842,"template":"","meta":{"inline_featured_image":false},"product_brand":[],"product_cat":[985],"product_tag":[],"class_list":{"0":"post-1006163","1":"product","2":"type-product","3":"status-publish","4":"has-post-thumbnail","6":"product_cat-kukerpuud-2","8":"first","9":"instock","10":"shipping-taxable","11":"purchasable","12":"product-type-simple"},"_links":{"self":[{"href":"https:\/\/viruplant.ee\/ru\/wp-json\/wp\/v2\/product\/1006163","targetHints":{"allow":["GET"]}}],"collection":[{"href":"https:\/\/viruplant.ee\/ru\/wp-json\/wp\/v2\/product"}],"about":[{"href":"https:\/\/viruplant.ee\/ru\/wp-json\/wp\/v2\/types\/product"}],"wp:featuredmedia":[{"embeddable":true,"href":"https:\/\/viruplant.ee\/ru\/wp-json\/wp\/v2\/media\/1004842"}],"wp:attachment":[{"href":"https:\/\/viruplant.ee\/ru\/wp-json\/wp\/v2\/media?parent=1006163"}],"wp:term":[{"taxonomy":"product_brand","embeddable":true,"href":"https:\/\/viruplant.ee\/ru\/wp-json\/wp\/v2\/product_brand?post=1006163"},{"taxonomy":"product_cat","embeddable":true,"href":"https:\/\/viruplant.ee\/ru\/wp-json\/wp\/v2\/product_cat?post=1006163"},{"taxonomy":"product_tag","embeddable":true,"href":"https:\/\/viruplant.ee\/ru\/wp-json\/wp\/v2\/product_tag?post=1006163"}],"curies":[{"name":"wp","href":"https:\/\/api.w.org\/{rel}","templated":true}]}}