{"id":1006162,"date":"2025-04-24T06:50:17","date_gmt":"2025-04-24T06:50:17","guid":{"rendered":"https:\/\/viruplant.ee\/?post_type=product&#038;p=1006162"},"modified":"2025-04-24T06:50:17","modified_gmt":"2025-04-24T06:50:17","slug":"thunbergi-kukerpuu-red-compact","status":"publish","type":"product","link":"https:\/\/viruplant.ee\/ru\/product\/thunbergi-kukerpuu-red-compact\/","title":{"rendered":"Thunbergi kukerpuu `Red Compact`"},"content":{"rendered":"<div class=\"vgblk-rw-wrapper limit-wrapper\"><strong>Berberis thunbergii &#8216;Red Compact&#8217;<br \/>\nSuurus: Taimepott P12<\/strong><br \/>\nKukerpuu \u2018Red Compact\u2019 on madal ja aeglase kasvuga ilup\u00f5\u00f5sas, millel on tihe, lamekerajas kasvukuju. Ta kasvab kuni 90 cm k\u00f5rguseks ja umbes 50 cm laiuseks, sobides ideaalselt madalate hekkide, \u00e4\u00e4ristuste v\u00f5i aktsenditaimena peenras. Lehed on v\u00e4ikesed, ovaalsed ja karminpunased, s\u00fcgisel muutuvad tumepunaseks kuni bordoopunaseks. \u2018Red Compact\u2019 on k\u00fclmakindel, talub h\u00e4sti linnatingimusi ja on haigus- ning kahjurikindel. Taim eelistab p\u00e4ikeselist kuni poolvarjulist kasvukohta ning hea vett l\u00e4bilaskvusega neutraalset v\u00f5i kergelt happelist mulda.<\/div>\n<p><!-- .vgblk-rw-wrapper --><\/p>\n","protected":false},"excerpt":{"rendered":"<p><strong>Berberis thunbergii &#8216;Red Compact&#8217;<br \/>\nSuurus: Taimepott P12<\/strong><\/p>\n","protected":false},"featured_media":1004764,"template":"","meta":{"inline_featured_image":false},"product_brand":[],"product_cat":[985],"product_tag":[],"class_list":{"0":"post-1006162","1":"product","2":"type-product","3":"status-publish","4":"has-post-thumbnail","6":"product_cat-kukerpuud-2","8":"first","9":"instock","10":"shipping-taxable","11":"purchasable","12":"product-type-simple"},"_links":{"self":[{"href":"https:\/\/viruplant.ee\/ru\/wp-json\/wp\/v2\/product\/1006162","targetHints":{"allow":["GET"]}}],"collection":[{"href":"https:\/\/viruplant.ee\/ru\/wp-json\/wp\/v2\/product"}],"about":[{"href":"https:\/\/viruplant.ee\/ru\/wp-json\/wp\/v2\/types\/product"}],"wp:featuredmedia":[{"embeddable":true,"href":"https:\/\/viruplant.ee\/ru\/wp-json\/wp\/v2\/media\/1004764"}],"wp:attachment":[{"href":"https:\/\/viruplant.ee\/ru\/wp-json\/wp\/v2\/media?parent=1006162"}],"wp:term":[{"taxonomy":"product_brand","embeddable":true,"href":"https:\/\/viruplant.ee\/ru\/wp-json\/wp\/v2\/product_brand?post=1006162"},{"taxonomy":"product_cat","embeddable":true,"href":"https:\/\/viruplant.ee\/ru\/wp-json\/wp\/v2\/product_cat?post=1006162"},{"taxonomy":"product_tag","embeddable":true,"href":"https:\/\/viruplant.ee\/ru\/wp-json\/wp\/v2\/product_tag?post=1006162"}],"curies":[{"name":"wp","href":"https:\/\/api.w.org\/{rel}","templated":true}]}}