{"id":1006161,"date":"2025-04-24T06:45:58","date_gmt":"2025-04-24T06:45:58","guid":{"rendered":"https:\/\/viruplant.ee\/?post_type=product&#038;p=1006161"},"modified":"2025-04-24T06:45:59","modified_gmt":"2025-04-24T06:45:59","slug":"thunbergi-kukerpuu-green-carpet","status":"publish","type":"product","link":"https:\/\/viruplant.ee\/ru\/product\/thunbergi-kukerpuu-green-carpet\/","title":{"rendered":"Thunbergi kukerpuu `Green Carpet`"},"content":{"rendered":"<div class=\"vgblk-rw-wrapper limit-wrapper\"><strong>Berberis thunbergii &#8216;Green Carpet&#8217;<br \/>\nSuurus: Taimepott P12<\/strong><br \/>\nKukerpuu \u2018Green Carpet\u2019 on madalakasvuline, laiuva kujuga lehtp\u00f5\u00f5sas, mis moodustab tiheda ja \u00fchtlase rohelise pinnakatte. Lehed on v\u00e4ikesed, erkrohelised ja p\u00fcsivad dekoratiivsed kogu kasvuperioodi v\u00e4ltel, s\u00fcgisel muutudes kollakaks v\u00f5i oran\u017eikaks. P\u00f5\u00f5sas kasvab umbes 40\u201350 cm k\u00f5rguseks ja laieneb aeglaselt laiusesse, sobides h\u00e4sti \u00e4\u00e4ristaimeks, n\u00f5lvade katmiseks v\u00f5i madalaks hekiks. Kevadel ilmuvad v\u00e4ikesed kollased \u00f5ied, mis meelitavad tolmeldajaid. \u2018Green Carpet\u2019 on k\u00fclmakindel, talub h\u00e4sti k\u00e4rpimist ja kasvab p\u00e4ikeselises kuni poolvarjulises kasvukohas. See on v\u00e4hen\u00f5udlik ja sobib suurep\u00e4raselt haljastuses kasutamiseks nii koduaias kui avalikus ruumis<\/div>\n<p><!-- .vgblk-rw-wrapper --><\/p>\n","protected":false},"excerpt":{"rendered":"<p><strong>Berberis thunbergii &#8216;Green Carpet&#8217;<br \/>\nSuurus: Taimepott P12<\/strong><\/p>\n","protected":false},"featured_media":1004731,"template":"","meta":{"inline_featured_image":false},"product_brand":[],"product_cat":[985],"product_tag":[],"class_list":{"0":"post-1006161","1":"product","2":"type-product","3":"status-publish","4":"has-post-thumbnail","6":"product_cat-kukerpuud-2","8":"first","9":"instock","10":"shipping-taxable","11":"purchasable","12":"product-type-simple"},"_links":{"self":[{"href":"https:\/\/viruplant.ee\/ru\/wp-json\/wp\/v2\/product\/1006161","targetHints":{"allow":["GET"]}}],"collection":[{"href":"https:\/\/viruplant.ee\/ru\/wp-json\/wp\/v2\/product"}],"about":[{"href":"https:\/\/viruplant.ee\/ru\/wp-json\/wp\/v2\/types\/product"}],"wp:featuredmedia":[{"embeddable":true,"href":"https:\/\/viruplant.ee\/ru\/wp-json\/wp\/v2\/media\/1004731"}],"wp:attachment":[{"href":"https:\/\/viruplant.ee\/ru\/wp-json\/wp\/v2\/media?parent=1006161"}],"wp:term":[{"taxonomy":"product_brand","embeddable":true,"href":"https:\/\/viruplant.ee\/ru\/wp-json\/wp\/v2\/product_brand?post=1006161"},{"taxonomy":"product_cat","embeddable":true,"href":"https:\/\/viruplant.ee\/ru\/wp-json\/wp\/v2\/product_cat?post=1006161"},{"taxonomy":"product_tag","embeddable":true,"href":"https:\/\/viruplant.ee\/ru\/wp-json\/wp\/v2\/product_tag?post=1006161"}],"curies":[{"name":"wp","href":"https:\/\/api.w.org\/{rel}","templated":true}]}}