{"id":1006160,"date":"2025-04-24T06:41:53","date_gmt":"2025-04-24T06:41:53","guid":{"rendered":"https:\/\/viruplant.ee\/?post_type=product&#038;p=1006160"},"modified":"2025-04-24T06:41:54","modified_gmt":"2025-04-24T06:41:54","slug":"thunbergi-kukerpuu-thunderbolt","status":"publish","type":"product","link":"https:\/\/viruplant.ee\/ru\/product\/thunbergi-kukerpuu-thunderbolt\/","title":{"rendered":"Thunbergi kukerpuu `Thunderbolt`"},"content":{"rendered":"<div class=\"vgblk-rw-wrapper limit-wrapper\"><strong>Berberis thunbergii `Thunderbolt`<br \/>\nSuurus: Taimepott P12<\/strong><br \/>\nKukerpuu \u2018Thunderbolt\u2019 on p\u00fcstise kasvukujuga dekoratiivp\u00f5\u00f5sas, mille lehed on kevadel tumepunased ja muutuvad suve jooksul tumelillaks kuni mustjaslillaks. Lehtede l\u00e4ikiv pind ja intensiivne v\u00e4rv teevad taimest pilkup\u00fc\u00fcdva aiaelemendi. Mais ja juunis ilmuvad v\u00e4ikesed kollased \u00f5ied, mis kontrasteeruvad kaunilt tumeda lehestikuga. S\u00fcgisel kannab p\u00f5\u00f5sas punaseid marju, mis p\u00fcsivad okstel ka talve alguseni. \u2018Thunderbolt\u2019 on vastupidav ja v\u00e4hen\u00f5udlik taim, mis sobib h\u00e4sti p\u00e4ikeselisse v\u00f5i poolvarjulisse kasvukohta. Ideaalne valik hekkideks, soolotaimeks v\u00f5i v\u00e4rvika aktsendina peenras.<\/div>\n<p><!-- .vgblk-rw-wrapper --><\/p>\n","protected":false},"excerpt":{"rendered":"<p><strong>Berberis thunbergii `Thunderbolt`<br \/>\nSuurus: Taimepott P12<\/strong><\/p>\n","protected":false},"featured_media":1004796,"template":"","meta":{"inline_featured_image":false},"product_brand":[],"product_cat":[985],"product_tag":[],"class_list":{"0":"post-1006160","1":"product","2":"type-product","3":"status-publish","4":"has-post-thumbnail","6":"product_cat-kukerpuud-2","8":"first","9":"instock","10":"shipping-taxable","11":"purchasable","12":"product-type-simple"},"_links":{"self":[{"href":"https:\/\/viruplant.ee\/ru\/wp-json\/wp\/v2\/product\/1006160","targetHints":{"allow":["GET"]}}],"collection":[{"href":"https:\/\/viruplant.ee\/ru\/wp-json\/wp\/v2\/product"}],"about":[{"href":"https:\/\/viruplant.ee\/ru\/wp-json\/wp\/v2\/types\/product"}],"wp:featuredmedia":[{"embeddable":true,"href":"https:\/\/viruplant.ee\/ru\/wp-json\/wp\/v2\/media\/1004796"}],"wp:attachment":[{"href":"https:\/\/viruplant.ee\/ru\/wp-json\/wp\/v2\/media?parent=1006160"}],"wp:term":[{"taxonomy":"product_brand","embeddable":true,"href":"https:\/\/viruplant.ee\/ru\/wp-json\/wp\/v2\/product_brand?post=1006160"},{"taxonomy":"product_cat","embeddable":true,"href":"https:\/\/viruplant.ee\/ru\/wp-json\/wp\/v2\/product_cat?post=1006160"},{"taxonomy":"product_tag","embeddable":true,"href":"https:\/\/viruplant.ee\/ru\/wp-json\/wp\/v2\/product_tag?post=1006160"}],"curies":[{"name":"wp","href":"https:\/\/api.w.org\/{rel}","templated":true}]}}