{"id":1006159,"date":"2025-04-24T06:35:27","date_gmt":"2025-04-24T06:35:27","guid":{"rendered":"https:\/\/viruplant.ee\/?post_type=product&#038;p=1006159"},"modified":"2026-03-19T11:43:49","modified_gmt":"2026-03-19T11:43:49","slug":"thunbergi-kukerpuu-powwow","status":"publish","type":"product","link":"https:\/\/viruplant.ee\/ru\/product\/thunbergi-kukerpuu-powwow\/","title":{"rendered":"Thunbergi kukerpuu \u2018Powwow\u2019"},"content":{"rendered":"<div class=\"vgblk-rw-wrapper limit-wrapper\"><strong>Berberis thunbergii \u2018Powwow\u2019<br \/>\nSuurus: Taimepott P12<\/strong><br \/>\nKukerpuu \u2018Powwow\u2019 on dekoratiivne lehtp\u00f5\u00f5sas, mille lehed muudavad v\u00e4rvi vastavalt aastaajale. Kevadel on lehed kollakasrohelised, kreemikate laikudega. Suve jooksul muutuvad need rohelisemaks, s\u00e4ilitades heledad mustrid. S\u00fcgisel v\u00f5tab lehestik erksa oran\u017eikas-punase tooni, muutes taime silmapaistvaks s\u00fcgiskaunitariks. \u2018Powwow\u2019 on madalakasvuline ja kompaktne, sobides h\u00e4sti ilupeenrasse, madalaks hekiks v\u00f5i \u00e4\u00e4ristaimeks. Ta on vastupidav, v\u00e4hen\u00f5udlik ja kasvab h\u00e4sti p\u00e4ikeselises kuni poolvarjulises kasvukohas.<\/div>\n<p><!-- .vgblk-rw-wrapper --><\/p>\n","protected":false},"excerpt":{"rendered":"<p>Berberis thunbergii \u2018Powwow\u2019 Suurus: Taimepott P12 Kukerpuu \u2018Powwow\u2019 on dekoratiivne lehtp\u00f5\u00f5sas, mille lehed muudavad v\u00e4rvi vastavalt aastaajale. Kevadel on lehed kollakasrohelised, kreemikate laikudega. Suve jooksul muutuvad need rohelisemaks, s\u00e4ilitades heledad mustrid. S\u00fcgisel v\u00f5tab lehestik erksa oran\u017eikas-punase tooni, muutes taime silmapaistvaks s\u00fcgiskaunitariks. \u2018Powwow\u2019 on madalakasvuline ja kompaktne, sobides h\u00e4sti ilupeenrasse, madalaks hekiks v\u00f5i \u00e4\u00e4ristaimeks. Ta on&#8230;<\/p>\n","protected":false},"featured_media":1004761,"template":"","meta":{"inline_featured_image":false},"product_brand":[],"product_cat":[985,1026],"product_tag":[],"class_list":{"0":"post-1006159","1":"product","2":"type-product","3":"status-publish","4":"has-post-thumbnail","6":"product_cat-kukerpuud-2","7":"product_cat-kliendid-valivad","9":"first","10":"instock","11":"shipping-taxable","12":"product-type-simple"},"_links":{"self":[{"href":"https:\/\/viruplant.ee\/ru\/wp-json\/wp\/v2\/product\/1006159","targetHints":{"allow":["GET"]}}],"collection":[{"href":"https:\/\/viruplant.ee\/ru\/wp-json\/wp\/v2\/product"}],"about":[{"href":"https:\/\/viruplant.ee\/ru\/wp-json\/wp\/v2\/types\/product"}],"wp:featuredmedia":[{"embeddable":true,"href":"https:\/\/viruplant.ee\/ru\/wp-json\/wp\/v2\/media\/1004761"}],"wp:attachment":[{"href":"https:\/\/viruplant.ee\/ru\/wp-json\/wp\/v2\/media?parent=1006159"}],"wp:term":[{"taxonomy":"product_brand","embeddable":true,"href":"https:\/\/viruplant.ee\/ru\/wp-json\/wp\/v2\/product_brand?post=1006159"},{"taxonomy":"product_cat","embeddable":true,"href":"https:\/\/viruplant.ee\/ru\/wp-json\/wp\/v2\/product_cat?post=1006159"},{"taxonomy":"product_tag","embeddable":true,"href":"https:\/\/viruplant.ee\/ru\/wp-json\/wp\/v2\/product_tag?post=1006159"}],"curies":[{"name":"wp","href":"https:\/\/api.w.org\/{rel}","templated":true}]}}