{"id":1006156,"date":"2025-04-23T11:58:37","date_gmt":"2025-04-23T11:58:37","guid":{"rendered":"https:\/\/viruplant.ee\/?post_type=product&#038;p=1006156"},"modified":"2025-04-23T11:58:37","modified_gmt":"2025-04-23T11:58:37","slug":"thunbergi-kukerpuu-orange-dream","status":"publish","type":"product","link":"https:\/\/viruplant.ee\/ru\/product\/thunbergi-kukerpuu-orange-dream\/","title":{"rendered":"Thunbergi kukerpuu &#8216;Orange Dream&#8217;"},"content":{"rendered":"<div class=\"vgblk-rw-wrapper limit-wrapper\"><strong>Berberis thunbergii &#8216;Orange Dream&#8217;<br \/>\nSuurus: Taimepott P12<\/strong><br \/>\nKukerpuu \u2018Orange Dream\u2019 on pilkup\u00fc\u00fcdev ilup\u00f5\u00f5sas, mille lehed on oran\u017eikas-punased kevadel ja suvel, muutudes s\u00fcgisel veelgi intensiivsemalt punaseks. Kompaktne ja tihe kasvukuju teeb sellest suurep\u00e4rase taime madalate hekkide, piirete v\u00f5i v\u00e4rviliste istutusalade jaoks. Kasvab umbes 0,5\u20131 m k\u00f5rguseks ja laiuseks. Eelistab p\u00e4ikeselist v\u00f5i poolvarjulist kasvukohta ning vett h\u00e4sti l\u00e4bilaskvat mulda. Taim on k\u00fclmakindel, talub h\u00e4sti p\u00fcgamist ning lisab aeda sooja v\u00e4rvigammat kogu hooaja v\u00e4ltel.<\/div>\n<p><!-- .vgblk-rw-wrapper --><\/p>\n","protected":false},"excerpt":{"rendered":"<p><strong>Berberis thunbergii &#8216;Orange Dream&#8217;<br \/>\nSuurus: Taimepott P12<\/ strong><\/p>\n","protected":false},"featured_media":1004753,"template":"","meta":{"inline_featured_image":false},"product_brand":[],"product_cat":[985],"product_tag":[],"class_list":{"0":"post-1006156","1":"product","2":"type-product","3":"status-publish","4":"has-post-thumbnail","6":"product_cat-kukerpuud-2","8":"first","9":"instock","10":"shipping-taxable","11":"purchasable","12":"product-type-simple"},"_links":{"self":[{"href":"https:\/\/viruplant.ee\/ru\/wp-json\/wp\/v2\/product\/1006156","targetHints":{"allow":["GET"]}}],"collection":[{"href":"https:\/\/viruplant.ee\/ru\/wp-json\/wp\/v2\/product"}],"about":[{"href":"https:\/\/viruplant.ee\/ru\/wp-json\/wp\/v2\/types\/product"}],"wp:featuredmedia":[{"embeddable":true,"href":"https:\/\/viruplant.ee\/ru\/wp-json\/wp\/v2\/media\/1004753"}],"wp:attachment":[{"href":"https:\/\/viruplant.ee\/ru\/wp-json\/wp\/v2\/media?parent=1006156"}],"wp:term":[{"taxonomy":"product_brand","embeddable":true,"href":"https:\/\/viruplant.ee\/ru\/wp-json\/wp\/v2\/product_brand?post=1006156"},{"taxonomy":"product_cat","embeddable":true,"href":"https:\/\/viruplant.ee\/ru\/wp-json\/wp\/v2\/product_cat?post=1006156"},{"taxonomy":"product_tag","embeddable":true,"href":"https:\/\/viruplant.ee\/ru\/wp-json\/wp\/v2\/product_tag?post=1006156"}],"curies":[{"name":"wp","href":"https:\/\/api.w.org\/{rel}","templated":true}]}}