{"id":1006155,"date":"2025-04-23T11:13:18","date_gmt":"2025-04-23T11:13:18","guid":{"rendered":"https:\/\/viruplant.ee\/?post_type=product&#038;p=1006155"},"modified":"2025-04-23T11:13:18","modified_gmt":"2025-04-23T11:13:18","slug":"thunbergi-kukerpuu-golden-dream","status":"publish","type":"product","link":"https:\/\/viruplant.ee\/ru\/product\/thunbergi-kukerpuu-golden-dream\/","title":{"rendered":"Thunbergi kukerpuu &#8216;Golden Dream&#8217;"},"content":{"rendered":"<div class=\"vgblk-rw-wrapper limit-wrapper\"><strong>Berberis thunbergii &#8216;Golden Dream&#8217;<br \/>\nSuurus: Taimepott P12<\/strong><br \/>\nKukerpuu \u2018Golden Dream\u2019 on dekoratiivne, madal ja tihe ilup\u00f5\u00f5sas, mis paistab silma oma erkkollaste lehtedega. Lehed hoiavad oma v\u00e4rvi kogu kasvuperioodi v\u00e4ltel, tuues aeda s\u00e4rtsu ja heledust. S\u00fcgisel v\u00f5ib lehestik omandada oran\u017eika v\u00f5i punaka varjundi. P\u00f5\u00f5sas kasvab kuni 0,5\u20131 m k\u00f5rguseks ja umbes sama laiuseks. Sobib h\u00e4sti hekkideks, \u00e4\u00e4ristaimena v\u00f5i kompositsioonidesse teiste dekoratiivtaimede k\u00f5rval. Eelistab p\u00e4ikeselist kasvukohta. Taim on k\u00fclmakindel ja kergesti hooldatav.<\/div>\n<p><!-- .vgblk-rw-wrapper --><\/p>\n","protected":false},"excerpt":{"rendered":"<p><strong>Berberis thunbergii &#8216;Golden Dream&#8217;<br \/>\nSuurus: Taimepott P12<\/strong><\/p>\n","protected":false},"featured_media":0,"template":"","meta":{"inline_featured_image":false},"product_brand":[],"product_cat":[985],"product_tag":[],"class_list":{"0":"post-1006155","1":"product","2":"type-product","3":"status-publish","5":"product_cat-kukerpuud-2","7":"first","8":"instock","9":"shipping-taxable","10":"purchasable","11":"product-type-simple"},"_links":{"self":[{"href":"https:\/\/viruplant.ee\/ru\/wp-json\/wp\/v2\/product\/1006155","targetHints":{"allow":["GET"]}}],"collection":[{"href":"https:\/\/viruplant.ee\/ru\/wp-json\/wp\/v2\/product"}],"about":[{"href":"https:\/\/viruplant.ee\/ru\/wp-json\/wp\/v2\/types\/product"}],"wp:attachment":[{"href":"https:\/\/viruplant.ee\/ru\/wp-json\/wp\/v2\/media?parent=1006155"}],"wp:term":[{"taxonomy":"product_brand","embeddable":true,"href":"https:\/\/viruplant.ee\/ru\/wp-json\/wp\/v2\/product_brand?post=1006155"},{"taxonomy":"product_cat","embeddable":true,"href":"https:\/\/viruplant.ee\/ru\/wp-json\/wp\/v2\/product_cat?post=1006155"},{"taxonomy":"product_tag","embeddable":true,"href":"https:\/\/viruplant.ee\/ru\/wp-json\/wp\/v2\/product_tag?post=1006155"}],"curies":[{"name":"wp","href":"https:\/\/api.w.org\/{rel}","templated":true}]}}