{"id":1006154,"date":"2025-04-23T06:31:36","date_gmt":"2025-04-23T06:31:36","guid":{"rendered":"https:\/\/viruplant.ee\/?post_type=product&#038;p=1006154"},"modified":"2025-04-23T06:31:37","modified_gmt":"2025-04-23T06:31:37","slug":"thunbergi-kukerpuu-red-pillar","status":"publish","type":"product","link":"https:\/\/viruplant.ee\/ru\/product\/thunbergi-kukerpuu-red-pillar\/","title":{"rendered":"Thunbergi kukerpuu &#8216;Red Pillar&#8217;"},"content":{"rendered":"<div class=\"vgblk-rw-wrapper limit-wrapper\"><strong>Berberis thunbergii &#8216;Red Pillar&#8217;<br \/>\nSuurus: Taimepott P12<\/strong><br \/>\nKukerpuu \u2018Red Pillar\u2019<br \/>\nV\u00e4ga silmapaistev ja kitsalt sammasjas dekoratiivp\u00f5\u00f5sas. Lehed on kevadel ja suvel punakad kuni purpurpunased, m\u00f5nel lehel esineb ka rohekaspunaseid toone. S\u00fcgisel lehestik muutub intensiivselt punaseks. P\u00f5\u00f5sas kasvab kuni 1,5\u20132 m k\u00f5rguseks ja umbes 0,5\u20130,6 m laiuseks, sobides h\u00e4sti kitsastesse istutusaladesse, hekkidesse v\u00f5i vertikaalse aktsendina modernsesse aeda. P\u00e4ikesepaistelises kohas on v\u00e4rv k\u00f5ige kirkam. S\u00fcgisel tekivad v\u00e4ikesed punased marjad, mis meelitavad linde. K\u00fclmakindel, talub h\u00e4sti p\u00fcgamist ja ei ole mullastiku suhtes n\u00f5udlik.<\/div>\n<p><!-- .vgblk-rw-wrapper --><\/p>\n","protected":false},"excerpt":{"rendered":"<p><strong>Berberis thunbergii &#8216;Red Pillar&#8217;<br \/>\nSuurus: Taimepott P12<\/strong><\/p>\n","protected":false},"featured_media":1004770,"template":"","meta":{"inline_featured_image":false},"product_brand":[],"product_cat":[985],"product_tag":[],"class_list":{"0":"post-1006154","1":"product","2":"type-product","3":"status-publish","4":"has-post-thumbnail","6":"product_cat-kukerpuud-2","8":"first","9":"instock","10":"shipping-taxable","11":"purchasable","12":"product-type-simple"},"_links":{"self":[{"href":"https:\/\/viruplant.ee\/ru\/wp-json\/wp\/v2\/product\/1006154","targetHints":{"allow":["GET"]}}],"collection":[{"href":"https:\/\/viruplant.ee\/ru\/wp-json\/wp\/v2\/product"}],"about":[{"href":"https:\/\/viruplant.ee\/ru\/wp-json\/wp\/v2\/types\/product"}],"wp:featuredmedia":[{"embeddable":true,"href":"https:\/\/viruplant.ee\/ru\/wp-json\/wp\/v2\/media\/1004770"}],"wp:attachment":[{"href":"https:\/\/viruplant.ee\/ru\/wp-json\/wp\/v2\/media?parent=1006154"}],"wp:term":[{"taxonomy":"product_brand","embeddable":true,"href":"https:\/\/viruplant.ee\/ru\/wp-json\/wp\/v2\/product_brand?post=1006154"},{"taxonomy":"product_cat","embeddable":true,"href":"https:\/\/viruplant.ee\/ru\/wp-json\/wp\/v2\/product_cat?post=1006154"},{"taxonomy":"product_tag","embeddable":true,"href":"https:\/\/viruplant.ee\/ru\/wp-json\/wp\/v2\/product_tag?post=1006154"}],"curies":[{"name":"wp","href":"https:\/\/api.w.org\/{rel}","templated":true}]}}