{"id":1006153,"date":"2025-04-23T06:28:49","date_gmt":"2025-04-23T06:28:49","guid":{"rendered":"https:\/\/viruplant.ee\/?post_type=product&#038;p=1006153"},"modified":"2025-04-23T06:28:49","modified_gmt":"2025-04-23T06:28:49","slug":"thunbergi-kukerpuu-red-rocket","status":"publish","type":"product","link":"https:\/\/viruplant.ee\/ru\/product\/thunbergi-kukerpuu-red-rocket\/","title":{"rendered":"Thunbergi kukerpuu &#8216;Red Rocket&#8217;"},"content":{"rendered":"<div class=\"vgblk-rw-wrapper limit-wrapper\"><strong>Berberis thunbergii &#8216;Red Rocket&#8217;<br \/>\nSuurus: Taimepott P12<\/strong><\/p>\n<p>Kukerpuu \u2018Red Rocket\u2019<br \/>\nP\u00fcstise ja kitsalt sambakujulise kasvukujuga dekoratiivp\u00f5\u00f5sas, mille lehestik on kevadel ja suvel tumepunane kuni veinipunane. S\u00fcgisel muutub lehestik veelgi intensiivsemaks \u2013 punaseks, oran\u017eiks ja isegi lillakaks. P\u00f5\u00f5sa k\u00f5rgus on umbes 1,5\u20131,8 m ja laius kuni 0,6 m, sobides h\u00e4sti kitsastesse istutusaladesse, hekkideks v\u00f5i arhitektuurseks aktsendiks aias. Eelistab p\u00e4ikeselist kasvukohta, kus lehtede v\u00e4rvus on k\u00f5ige s\u00fcgavam. Taim on k\u00fclmakindel, v\u00e4hen\u00f5udlik ja talub h\u00e4sti p\u00fcgamist.<\/p><\/div>\n<p><!-- .vgblk-rw-wrapper --><\/p>\n","protected":false},"excerpt":{"rendered":"<p><strong>Berberis thunbergii &#8216;Red Rocket&#8217;<br \/>\nSuurus: Taimepott P12<\/strong><\/p>\n","protected":false},"featured_media":1004772,"template":"","meta":{"inline_featured_image":false},"product_brand":[],"product_cat":[985],"product_tag":[],"class_list":{"0":"post-1006153","1":"product","2":"type-product","3":"status-publish","4":"has-post-thumbnail","6":"product_cat-kukerpuud-2","8":"first","9":"instock","10":"shipping-taxable","11":"purchasable","12":"product-type-simple"},"_links":{"self":[{"href":"https:\/\/viruplant.ee\/ru\/wp-json\/wp\/v2\/product\/1006153","targetHints":{"allow":["GET"]}}],"collection":[{"href":"https:\/\/viruplant.ee\/ru\/wp-json\/wp\/v2\/product"}],"about":[{"href":"https:\/\/viruplant.ee\/ru\/wp-json\/wp\/v2\/types\/product"}],"wp:featuredmedia":[{"embeddable":true,"href":"https:\/\/viruplant.ee\/ru\/wp-json\/wp\/v2\/media\/1004772"}],"wp:attachment":[{"href":"https:\/\/viruplant.ee\/ru\/wp-json\/wp\/v2\/media?parent=1006153"}],"wp:term":[{"taxonomy":"product_brand","embeddable":true,"href":"https:\/\/viruplant.ee\/ru\/wp-json\/wp\/v2\/product_brand?post=1006153"},{"taxonomy":"product_cat","embeddable":true,"href":"https:\/\/viruplant.ee\/ru\/wp-json\/wp\/v2\/product_cat?post=1006153"},{"taxonomy":"product_tag","embeddable":true,"href":"https:\/\/viruplant.ee\/ru\/wp-json\/wp\/v2\/product_tag?post=1006153"}],"curies":[{"name":"wp","href":"https:\/\/api.w.org\/{rel}","templated":true}]}}