{"id":1006152,"date":"2025-04-23T06:24:35","date_gmt":"2025-04-23T06:24:35","guid":{"rendered":"https:\/\/viruplant.ee\/?post_type=product&#038;p=1006152"},"modified":"2025-04-23T06:24:35","modified_gmt":"2025-04-23T06:24:35","slug":"thunbergi-kukerpuu-maria","status":"publish","type":"product","link":"https:\/\/viruplant.ee\/ru\/product\/thunbergi-kukerpuu-maria\/","title":{"rendered":"Thunbergi kukerpuu &#8216;Maria&#8217;"},"content":{"rendered":"<div class=\"vgblk-rw-wrapper limit-wrapper\"><strong>Berberis thunbergii &#8216;Maria&#8217;<br \/>\nSuurus: Taimepott P12<\/strong><\/p>\n<p>Kukerpuu \u2018Maria\u2019<br \/>\nV\u00e4ga dekoratiivne p\u00fcstise ja sambakujulise kasvukujuga p\u00f5\u00f5sas. Lehed on kevadel erkkollased, suve jooksul muutuvad kergelt rohekaskollaseks, servad aga omandavad punakat tooni. S\u00fcgisel v\u00e4rvub lehestik oran\u017eikaspunaseks. P\u00f5\u00f5sas kasvab umbes 1,2\u20131,5 m k\u00f5rguseks ja kuni 0,5 m laiuseks, muutes ta suurep\u00e4raseks valikuks kitsamatesse istutusaladesse, hekkideks v\u00f5i vertikaalseks aktsendiks. P\u00e4ikesepaistelises kasvukohas on lehev\u00e4rv k\u00f5ige intensiivsem. K\u00fclmakindel, v\u00e4hen\u00f5udlik ja h\u00e4sti p\u00fcgamisv\u00f5imeline. <\/p><\/div>\n<p><!-- .vgblk-rw-wrapper --><\/p>\n","protected":false},"excerpt":{"rendered":"<p><strong>Berberis thunbergii &#8216;Maria&#8217;<br \/>\nSuurus: Taimepott P12<\/strong><\/p>\n","protected":false},"featured_media":1004749,"template":"","meta":{"inline_featured_image":false},"product_brand":[],"product_cat":[985],"product_tag":[],"class_list":{"0":"post-1006152","1":"product","2":"type-product","3":"status-publish","4":"has-post-thumbnail","6":"product_cat-kukerpuud-2","8":"first","9":"instock","10":"shipping-taxable","11":"purchasable","12":"product-type-simple"},"_links":{"self":[{"href":"https:\/\/viruplant.ee\/ru\/wp-json\/wp\/v2\/product\/1006152","targetHints":{"allow":["GET"]}}],"collection":[{"href":"https:\/\/viruplant.ee\/ru\/wp-json\/wp\/v2\/product"}],"about":[{"href":"https:\/\/viruplant.ee\/ru\/wp-json\/wp\/v2\/types\/product"}],"wp:featuredmedia":[{"embeddable":true,"href":"https:\/\/viruplant.ee\/ru\/wp-json\/wp\/v2\/media\/1004749"}],"wp:attachment":[{"href":"https:\/\/viruplant.ee\/ru\/wp-json\/wp\/v2\/media?parent=1006152"}],"wp:term":[{"taxonomy":"product_brand","embeddable":true,"href":"https:\/\/viruplant.ee\/ru\/wp-json\/wp\/v2\/product_brand?post=1006152"},{"taxonomy":"product_cat","embeddable":true,"href":"https:\/\/viruplant.ee\/ru\/wp-json\/wp\/v2\/product_cat?post=1006152"},{"taxonomy":"product_tag","embeddable":true,"href":"https:\/\/viruplant.ee\/ru\/wp-json\/wp\/v2\/product_tag?post=1006152"}],"curies":[{"name":"wp","href":"https:\/\/api.w.org\/{rel}","templated":true}]}}