{"id":1006151,"date":"2025-04-23T06:22:05","date_gmt":"2025-04-23T06:22:05","guid":{"rendered":"https:\/\/viruplant.ee\/?post_type=product&#038;p=1006151"},"modified":"2025-04-23T06:22:05","modified_gmt":"2025-04-23T06:22:05","slug":"thunbergii-kukerpuu-harlequin","status":"publish","type":"product","link":"https:\/\/viruplant.ee\/ru\/product\/thunbergii-kukerpuu-harlequin\/","title":{"rendered":"Thunbergii kukerpuu &#8216;Harlequin&#8217;"},"content":{"rendered":"<div class=\"vgblk-rw-wrapper limit-wrapper\"><strong>Berberis thunbergii &#8216;Harlequin&#8217;<br \/>\nSuurus: Taimepott P12<\/strong><\/p>\n<p>Kukerpuu \u2018Harlequin\u2019<br \/>\nSilmapaistev dekoratiivp\u00f5\u00f5sas, mille tumelillad lehed on kaetud roosade ja valkjate laikudega, andes neile marmorja ja v\u00e4ga efektse v\u00e4limuse. Kasvukuju on p\u00fcstine ja kompaktne, ulatudes umbes 1\u20131,2 m k\u00f5rguseks ja 0,8\u20131 m laiuseks. Lehtede v\u00e4rvus on k\u00f5ige intensiivsem p\u00e4ikesepaistelises kasvukohas. S\u00fcgisel muutuvad lehed veelgi erksamaks ning p\u00f5\u00f5sast kaunistavad v\u00e4ikesed punased marjad, mis p\u00fcsivad kaua. Sobib h\u00e4sti nii soolotaimeks kui ka kompositsioonidesse koos teiste dekoratiivtaimedega. Talub h\u00e4sti p\u00fcgamist, on k\u00fclmakindel ja v\u00e4hen\u00f5udlik kasvutingimuste suhtes.<\/p><\/div>\n<p><!-- .vgblk-rw-wrapper --><\/p>\n","protected":false},"excerpt":{"rendered":"<p><strong>Berberis thunbergii &#8216;Harlequin&#8217;<br \/>\nSuurus: Taimepott P12<\/strong><\/p>\n","protected":false},"featured_media":1004733,"template":"","meta":{"inline_featured_image":false},"product_brand":[],"product_cat":[985],"product_tag":[],"class_list":{"0":"post-1006151","1":"product","2":"type-product","3":"status-publish","4":"has-post-thumbnail","6":"product_cat-kukerpuud-2","8":"first","9":"instock","10":"shipping-taxable","11":"purchasable","12":"product-type-simple"},"_links":{"self":[{"href":"https:\/\/viruplant.ee\/ru\/wp-json\/wp\/v2\/product\/1006151","targetHints":{"allow":["GET"]}}],"collection":[{"href":"https:\/\/viruplant.ee\/ru\/wp-json\/wp\/v2\/product"}],"about":[{"href":"https:\/\/viruplant.ee\/ru\/wp-json\/wp\/v2\/types\/product"}],"wp:featuredmedia":[{"embeddable":true,"href":"https:\/\/viruplant.ee\/ru\/wp-json\/wp\/v2\/media\/1004733"}],"wp:attachment":[{"href":"https:\/\/viruplant.ee\/ru\/wp-json\/wp\/v2\/media?parent=1006151"}],"wp:term":[{"taxonomy":"product_brand","embeddable":true,"href":"https:\/\/viruplant.ee\/ru\/wp-json\/wp\/v2\/product_brand?post=1006151"},{"taxonomy":"product_cat","embeddable":true,"href":"https:\/\/viruplant.ee\/ru\/wp-json\/wp\/v2\/product_cat?post=1006151"},{"taxonomy":"product_tag","embeddable":true,"href":"https:\/\/viruplant.ee\/ru\/wp-json\/wp\/v2\/product_tag?post=1006151"}],"curies":[{"name":"wp","href":"https:\/\/api.w.org\/{rel}","templated":true}]}}