{"id":1006150,"date":"2025-04-23T06:18:07","date_gmt":"2025-04-23T06:18:07","guid":{"rendered":"https:\/\/viruplant.ee\/?post_type=product&#038;p=1006150"},"modified":"2025-04-23T06:18:08","modified_gmt":"2025-04-23T06:18:08","slug":"thunbergi-kukerpuu-golden-rocket","status":"publish","type":"product","link":"https:\/\/viruplant.ee\/ru\/product\/thunbergi-kukerpuu-golden-rocket\/","title":{"rendered":"Thunbergi kukerpuu &#8216;Golden Rocket&#8217;"},"content":{"rendered":"<div class=\"vgblk-rw-wrapper limit-wrapper\"><strong>Berberis thunbergii &#8216;Golden Rocket<br \/>\nSuurus: Taimepott P12<\/strong><\/p>\n<p>Kukerpuu \u2018Golden Rocket\u2019<br \/>\nKitsa p\u00fcstise kasvukujuga dekoratiivp\u00f5\u00f5sas, mille lehestik on erkkollane kevadest s\u00fcgiseni. S\u00fcgisel v\u00f5ib lehestik omandada oran\u017eikaid ja punakaid toone. P\u00f5\u00f5sas kasvab umbes 1\u20131,5 m k\u00f5rguseks ja kuni 0,5 m laiuseks, mist\u00f5ttu sobib suurep\u00e4raselt v\u00e4iksematesse aedadesse, hekkidesse v\u00f5i vertikaalseks aktsendiks istutusaladel. Eelistab p\u00e4ikeselist kasvukohta, kus lehev\u00e4rvus on k\u00f5ige kirkam. Mullastiku suhtes v\u00e4hen\u00f5udlik, hea k\u00fclmakindlusega ja talub h\u00e4sti p\u00fcgamist. <\/p><\/div>\n<p><!-- .vgblk-rw-wrapper --><\/p>\n","protected":false},"excerpt":{"rendered":"<p><strong>Berberis thunbergii &#8216;Golden Rocket<br \/>\nSuurus: Taimepott P12<\/strong><\/p>\n","protected":false},"featured_media":1004726,"template":"","meta":{"inline_featured_image":false},"product_brand":[],"product_cat":[985],"product_tag":[],"class_list":{"0":"post-1006150","1":"product","2":"type-product","3":"status-publish","4":"has-post-thumbnail","6":"product_cat-kukerpuud-2","8":"first","9":"instock","10":"shipping-taxable","11":"purchasable","12":"product-type-simple"},"_links":{"self":[{"href":"https:\/\/viruplant.ee\/ru\/wp-json\/wp\/v2\/product\/1006150","targetHints":{"allow":["GET"]}}],"collection":[{"href":"https:\/\/viruplant.ee\/ru\/wp-json\/wp\/v2\/product"}],"about":[{"href":"https:\/\/viruplant.ee\/ru\/wp-json\/wp\/v2\/types\/product"}],"wp:featuredmedia":[{"embeddable":true,"href":"https:\/\/viruplant.ee\/ru\/wp-json\/wp\/v2\/media\/1004726"}],"wp:attachment":[{"href":"https:\/\/viruplant.ee\/ru\/wp-json\/wp\/v2\/media?parent=1006150"}],"wp:term":[{"taxonomy":"product_brand","embeddable":true,"href":"https:\/\/viruplant.ee\/ru\/wp-json\/wp\/v2\/product_brand?post=1006150"},{"taxonomy":"product_cat","embeddable":true,"href":"https:\/\/viruplant.ee\/ru\/wp-json\/wp\/v2\/product_cat?post=1006150"},{"taxonomy":"product_tag","embeddable":true,"href":"https:\/\/viruplant.ee\/ru\/wp-json\/wp\/v2\/product_tag?post=1006150"}],"curies":[{"name":"wp","href":"https:\/\/api.w.org\/{rel}","templated":true}]}}