{"id":1006149,"date":"2025-04-23T06:14:57","date_gmt":"2025-04-23T06:14:57","guid":{"rendered":"https:\/\/viruplant.ee\/?post_type=product&#038;p=1006149"},"modified":"2025-04-23T06:14:57","modified_gmt":"2025-04-23T06:14:57","slug":"thunbergii-kukerpuu-rose-glow","status":"publish","type":"product","link":"https:\/\/viruplant.ee\/ru\/product\/thunbergii-kukerpuu-rose-glow\/","title":{"rendered":"Thunbergii kukerpuu &#8216;Rose Glow&#8217;"},"content":{"rendered":"<div class=\"vgblk-rw-wrapper limit-wrapper\"><strong>Berberis thunbergii &#8216;Rose Glow&#8217;<br \/>\nSuurus: Taimepott P12<\/strong><\/p>\n<p>Kukerpuu \u2018Rose Glow\u2019 Dekoratiivne p\u00f5\u00f5sas, mida iseloomustab ainulaadne, roosakas-marmorjas lehestik. Noored lehed on roosad valgete ja lillade laikudega, vanemad muutuvad tumelillaks. P\u00f5\u00f5sas kasvab p\u00fcstise ja kompaktse kujuga, ulatudes umbes 1,2\u20131,5 m k\u00f5rguseks ja laiuseks. Sobib h\u00e4sti hekiks, soolotaimeks v\u00f5i v\u00e4rvikaks aktsendiks istutusaladel. Eelistab p\u00e4ikeselist kuni poolvarjulist kasvukohta \u2013 p\u00e4ikese k\u00e4es on lehtede v\u00e4rv intensiivsem. Taim on k\u00fclmakindel, v\u00e4hen\u00f5udlik ja talub h\u00e4sti p\u00fcgamist. S\u00fcgisel arenevad v\u00e4iksed punased marjad, mis p\u00fcsivad p\u00f5\u00f5sal kaua ja on lindudele meelep\u00e4rased.<\/p><\/div>\n<p><!-- .vgblk-rw-wrapper --><\/p>\n","protected":false},"excerpt":{"rendered":"<p><strong>Berberis thunbergii &#8216;Rose Glow&#8217;<br \/>\nSuurus: Taimepott P12<\/strong><\/p>\n","protected":false},"featured_media":1004791,"template":"","meta":{"inline_featured_image":false},"product_brand":[],"product_cat":[985],"product_tag":[],"class_list":{"0":"post-1006149","1":"product","2":"type-product","3":"status-publish","4":"has-post-thumbnail","6":"product_cat-kukerpuud-2","8":"first","9":"instock","10":"shipping-taxable","11":"purchasable","12":"product-type-simple"},"_links":{"self":[{"href":"https:\/\/viruplant.ee\/ru\/wp-json\/wp\/v2\/product\/1006149","targetHints":{"allow":["GET"]}}],"collection":[{"href":"https:\/\/viruplant.ee\/ru\/wp-json\/wp\/v2\/product"}],"about":[{"href":"https:\/\/viruplant.ee\/ru\/wp-json\/wp\/v2\/types\/product"}],"wp:featuredmedia":[{"embeddable":true,"href":"https:\/\/viruplant.ee\/ru\/wp-json\/wp\/v2\/media\/1004791"}],"wp:attachment":[{"href":"https:\/\/viruplant.ee\/ru\/wp-json\/wp\/v2\/media?parent=1006149"}],"wp:term":[{"taxonomy":"product_brand","embeddable":true,"href":"https:\/\/viruplant.ee\/ru\/wp-json\/wp\/v2\/product_brand?post=1006149"},{"taxonomy":"product_cat","embeddable":true,"href":"https:\/\/viruplant.ee\/ru\/wp-json\/wp\/v2\/product_cat?post=1006149"},{"taxonomy":"product_tag","embeddable":true,"href":"https:\/\/viruplant.ee\/ru\/wp-json\/wp\/v2\/product_tag?post=1006149"}],"curies":[{"name":"wp","href":"https:\/\/api.w.org\/{rel}","templated":true}]}}