{"id":1006148,"date":"2025-04-23T06:10:45","date_gmt":"2025-04-23T06:10:45","guid":{"rendered":"https:\/\/viruplant.ee\/?post_type=product&#038;p=1006148"},"modified":"2025-04-23T06:10:45","modified_gmt":"2025-04-23T06:10:45","slug":"thunbergii-kukerpuu-golden-horizon","status":"publish","type":"product","link":"https:\/\/viruplant.ee\/ru\/product\/thunbergii-kukerpuu-golden-horizon\/","title":{"rendered":"Thunbergii kukerpuu &#8216;Golden Horizon&#8217;"},"content":{"rendered":"<div class=\"vgblk-rw-wrapper limit-wrapper\"><strong>Berberis thunbergii &#8216;Golden Horizon&#8217;<br \/>\nSuurus: Taimepott P12<\/strong><\/p>\n<p>Dekoratiivne ja madalakasvuline p\u00f5\u00f5sas, mis paistab silma oma erksalt kollase lehestikuga. Lehed on kevadel sidrunkollased, suvel muutuvad veidi rohelisemaks ja s\u00fcgisel saavad kuldseid kuni oran\u017eikaspunaseid toone. P\u00f5\u00f5sa kuju on laiuv ja madal, kasvades kuni 40\u201360 cm k\u00f5rguseks ja kuni 1 m laiuseks. Sobib h\u00e4sti pinnakatteks, \u00e4\u00e4ristaimedeks v\u00f5i istutusgruppidesse. Eelistab p\u00e4ikeselist kasvukohta ja hea drenaa\u017eiga mulda. V\u00e4ga hea talvekindlus ja talub h\u00e4sti ka k\u00e4rpimist.<\/p><\/div>\n<p><!-- .vgblk-rw-wrapper --><\/p>\n","protected":false},"excerpt":{"rendered":"<p><strong>Berberis thunbergii &#8216;Golden Horizon&#8217;<br \/>\nSuurus: Taimepott P12<\/strong><\/p>\n","protected":false},"featured_media":1004724,"template":"","meta":{"inline_featured_image":false},"product_brand":[],"product_cat":[985],"product_tag":[],"class_list":{"0":"post-1006148","1":"product","2":"type-product","3":"status-publish","4":"has-post-thumbnail","6":"product_cat-kukerpuud-2","8":"first","9":"instock","10":"shipping-taxable","11":"purchasable","12":"product-type-simple"},"_links":{"self":[{"href":"https:\/\/viruplant.ee\/ru\/wp-json\/wp\/v2\/product\/1006148","targetHints":{"allow":["GET"]}}],"collection":[{"href":"https:\/\/viruplant.ee\/ru\/wp-json\/wp\/v2\/product"}],"about":[{"href":"https:\/\/viruplant.ee\/ru\/wp-json\/wp\/v2\/types\/product"}],"wp:featuredmedia":[{"embeddable":true,"href":"https:\/\/viruplant.ee\/ru\/wp-json\/wp\/v2\/media\/1004724"}],"wp:attachment":[{"href":"https:\/\/viruplant.ee\/ru\/wp-json\/wp\/v2\/media?parent=1006148"}],"wp:term":[{"taxonomy":"product_brand","embeddable":true,"href":"https:\/\/viruplant.ee\/ru\/wp-json\/wp\/v2\/product_brand?post=1006148"},{"taxonomy":"product_cat","embeddable":true,"href":"https:\/\/viruplant.ee\/ru\/wp-json\/wp\/v2\/product_cat?post=1006148"},{"taxonomy":"product_tag","embeddable":true,"href":"https:\/\/viruplant.ee\/ru\/wp-json\/wp\/v2\/product_tag?post=1006148"}],"curies":[{"name":"wp","href":"https:\/\/api.w.org\/{rel}","templated":true}]}}