{"id":1006146,"date":"2025-04-22T18:13:27","date_gmt":"2025-04-22T18:13:27","guid":{"rendered":"https:\/\/viruplant.ee\/?post_type=product&#038;p=1006146"},"modified":"2025-04-22T18:14:09","modified_gmt":"2025-04-22T18:14:09","slug":"thunbergi-kukerpuu-red-dj","status":"publish","type":"product","link":"https:\/\/viruplant.ee\/ru\/product\/thunbergi-kukerpuu-red-dj\/","title":{"rendered":"Thunbergi kukerpuu &#8216;Red DJ&#8217;"},"content":{"rendered":"<div class=\"vgblk-rw-wrapper limit-wrapper\"><strong><strong>Berberis thunbergii &#8216;Red DJ&#8217;<br \/>\nSuurus: Taimepott P12<\/strong><br \/>\nKukerpuu \u2018Red DJ\u2019 on efektne madal p\u00f5\u00f5sas, mida hinnatakse tema tumepunase kuni purpurja lehestiku t\u00f5ttu. Lehed on v\u00e4ikesed, l\u00e4ikivad ja s\u00e4ilitavad oma intensiivse v\u00e4rvuse kogu kasvuperioodi v\u00e4ltel. S\u00fcgisel muutuvad lehed veelgi erksamaks, lisades aeda s\u00fcgavat v\u00e4rvitooni.<\/p>\n<p>P\u00f5\u00f5sas kasvab umbes 0,8\u20131 meetri k\u00f5rguseks ja on h\u00e4sti kompaktne, laiuv ja \u00fcmar kuju teeb sellest suurep\u00e4rase taime nii \u00fcksikeks istutusteks kui ka \u00e4\u00e4ristaimena v\u00f5i madalaks hekiks. Mais ilmuvad v\u00e4ikesed kollakad \u00f5ied, millele j\u00e4rgivad v\u00e4ikesed punased marjad.<\/strong><\/div>\n<p><!-- .vgblk-rw-wrapper --><\/p>\n","protected":false},"excerpt":{"rendered":"<p><strong>Berberis thunbergii &#8216;Red DJ&#8217;<br \/>\nSuurus: Taimepott P12<\/strong><\/p>\n","protected":false},"featured_media":1004766,"template":"","meta":{"inline_featured_image":false},"product_brand":[],"product_cat":[985],"product_tag":[],"class_list":{"0":"post-1006146","1":"product","2":"type-product","3":"status-publish","4":"has-post-thumbnail","6":"product_cat-kukerpuud-2","8":"first","9":"instock","10":"shipping-taxable","11":"purchasable","12":"product-type-simple"},"_links":{"self":[{"href":"https:\/\/viruplant.ee\/ru\/wp-json\/wp\/v2\/product\/1006146","targetHints":{"allow":["GET"]}}],"collection":[{"href":"https:\/\/viruplant.ee\/ru\/wp-json\/wp\/v2\/product"}],"about":[{"href":"https:\/\/viruplant.ee\/ru\/wp-json\/wp\/v2\/types\/product"}],"wp:featuredmedia":[{"embeddable":true,"href":"https:\/\/viruplant.ee\/ru\/wp-json\/wp\/v2\/media\/1004766"}],"wp:attachment":[{"href":"https:\/\/viruplant.ee\/ru\/wp-json\/wp\/v2\/media?parent=1006146"}],"wp:term":[{"taxonomy":"product_brand","embeddable":true,"href":"https:\/\/viruplant.ee\/ru\/wp-json\/wp\/v2\/product_brand?post=1006146"},{"taxonomy":"product_cat","embeddable":true,"href":"https:\/\/viruplant.ee\/ru\/wp-json\/wp\/v2\/product_cat?post=1006146"},{"taxonomy":"product_tag","embeddable":true,"href":"https:\/\/viruplant.ee\/ru\/wp-json\/wp\/v2\/product_tag?post=1006146"}],"curies":[{"name":"wp","href":"https:\/\/api.w.org\/{rel}","templated":true}]}}