{"id":1006145,"date":"2025-04-22T18:08:57","date_gmt":"2025-04-22T18:08:57","guid":{"rendered":"https:\/\/viruplant.ee\/?post_type=product&#038;p=1006145"},"modified":"2025-04-22T18:08:57","modified_gmt":"2025-04-22T18:08:57","slug":"thunbergi-kukerpuu-yellow-bird","status":"publish","type":"product","link":"https:\/\/viruplant.ee\/ru\/product\/thunbergi-kukerpuu-yellow-bird\/","title":{"rendered":"Thunbergi kukerpuu &#8216;Yellow Bird&#8217;"},"content":{"rendered":"<div class=\"vgblk-rw-wrapper limit-wrapper\"><strong>Berberis thunbergii &#8216;Yellow Bird&#8217;<br \/>\nSuurus: Taimepott P12<\/strong><\/div>\n<p><!-- .vgblk-rw-wrapper --><\/p>\n","protected":false},"excerpt":{"rendered":"<p><strong>Berberis thunbergii &#8216;Yellow Bird&#8217;<br \/>\nSuurus: Taimepott P12<\/strong><br \/>\nKukerpuu \u2018Yellow Bird\u2019 on madal, laialivalguv p\u00f5\u00f5sas, mille lehed on kevadel ja suvel kirkalt kollased, s\u00fcgisel muutuvad kuldseks ja oran\u017eikaspunaseks. P\u00f5\u00f5sas kasvab kuni 1\u20131,5 meetri k\u00f5rguseks ja on h\u00e4sti tihe ning kompaktne. \u00d5itseb mais v\u00e4ikeste kollakate \u00f5itega, millele j\u00e4rgnevad punased marjad, mis p\u00fcsivad ilusti ka talvel.<\/p>\n<p>Tegemist on v\u00e4hen\u00f5udliku taimega, mis sobib h\u00e4sti hekiks, haljastusse v\u00f5i \u00fcksiktaimeks. Eelistab p\u00e4ikeselist kasvukohta, sest varjus v\u00f5ib lehestik kaotada oma erksa v\u00e4rvi. Taim on vastupidav k\u00fclmale ning talub h\u00e4sti ka linnatingimusi.<\/p>\n","protected":false},"featured_media":1004821,"template":"","meta":{"inline_featured_image":false},"product_brand":[],"product_cat":[985],"product_tag":[],"class_list":{"0":"post-1006145","1":"product","2":"type-product","3":"status-publish","4":"has-post-thumbnail","6":"product_cat-kukerpuud-2","8":"first","9":"instock","10":"shipping-taxable","11":"purchasable","12":"product-type-simple"},"_links":{"self":[{"href":"https:\/\/viruplant.ee\/ru\/wp-json\/wp\/v2\/product\/1006145","targetHints":{"allow":["GET"]}}],"collection":[{"href":"https:\/\/viruplant.ee\/ru\/wp-json\/wp\/v2\/product"}],"about":[{"href":"https:\/\/viruplant.ee\/ru\/wp-json\/wp\/v2\/types\/product"}],"wp:featuredmedia":[{"embeddable":true,"href":"https:\/\/viruplant.ee\/ru\/wp-json\/wp\/v2\/media\/1004821"}],"wp:attachment":[{"href":"https:\/\/viruplant.ee\/ru\/wp-json\/wp\/v2\/media?parent=1006145"}],"wp:term":[{"taxonomy":"product_brand","embeddable":true,"href":"https:\/\/viruplant.ee\/ru\/wp-json\/wp\/v2\/product_brand?post=1006145"},{"taxonomy":"product_cat","embeddable":true,"href":"https:\/\/viruplant.ee\/ru\/wp-json\/wp\/v2\/product_cat?post=1006145"},{"taxonomy":"product_tag","embeddable":true,"href":"https:\/\/viruplant.ee\/ru\/wp-json\/wp\/v2\/product_tag?post=1006145"}],"curies":[{"name":"wp","href":"https:\/\/api.w.org\/{rel}","templated":true}]}}