{"id":1006143,"date":"2025-04-22T10:57:05","date_gmt":"2025-04-22T10:57:05","guid":{"rendered":"https:\/\/viruplant.ee\/?post_type=product&#038;p=1006143"},"modified":"2025-04-22T10:57:06","modified_gmt":"2025-04-22T10:57:06","slug":"thunbergi-kukerpuu-lime-star","status":"publish","type":"product","link":"https:\/\/viruplant.ee\/ru\/product\/thunbergi-kukerpuu-lime-star\/","title":{"rendered":"Thunbergi kukerpuu \u2019Lime Star\u2019"},"content":{"rendered":"<div class=\"vgblk-rw-wrapper limit-wrapper\"><strong>Berberis thunbergii \u2019Lime Star\u2019<br \/>\nSuurus: Taimepott P12<\/strong><\/div>\n<p><!-- .vgblk-rw-wrapper --><\/p>\n","protected":false},"excerpt":{"rendered":"<p><strong>Berberis thunbergii \u2019Lime Star\u2019<br \/>\nSuurus: Taimepott P12<\/strong><\/p>\n<p>Kukerpuu \u2018Lime Star\u2019 on madal ja tiheda kasvukujuga ilup\u00f5\u00f5sas, mille lehed on s\u00e4ravrohelised kuni laimiv\u00e4rvi. See v\u00e4rv p\u00fcsib kogu hooaja jooksul, muutes taime silmapaistvaks aktsendiks aias. S\u00fcgisel v\u00f5ib lehestik omandada kollaka v\u00f5i oran\u017eika varjundi. Kevadel ilmuvad v\u00e4ikesed kollased \u00f5ied, hiljem ka punased viljad. Sobib h\u00e4sti \u00e4\u00e4ristaimeks, kiviktaimlasse v\u00f5i v\u00e4rviliseks aktsendiks teiste taimede k\u00f5rvale. Taim on v\u00e4hen\u00f5udlik, eelistab p\u00e4ikeselist kasvukohta ja hea l\u00e4bivooluga mulda.<\/p>\n","protected":false},"featured_media":1004742,"template":"","meta":{"inline_featured_image":false},"product_brand":[],"product_cat":[985],"product_tag":[],"class_list":{"0":"post-1006143","1":"product","2":"type-product","3":"status-publish","4":"has-post-thumbnail","6":"product_cat-kukerpuud-2","8":"first","9":"instock","10":"shipping-taxable","11":"purchasable","12":"product-type-simple"},"_links":{"self":[{"href":"https:\/\/viruplant.ee\/ru\/wp-json\/wp\/v2\/product\/1006143","targetHints":{"allow":["GET"]}}],"collection":[{"href":"https:\/\/viruplant.ee\/ru\/wp-json\/wp\/v2\/product"}],"about":[{"href":"https:\/\/viruplant.ee\/ru\/wp-json\/wp\/v2\/types\/product"}],"wp:featuredmedia":[{"embeddable":true,"href":"https:\/\/viruplant.ee\/ru\/wp-json\/wp\/v2\/media\/1004742"}],"wp:attachment":[{"href":"https:\/\/viruplant.ee\/ru\/wp-json\/wp\/v2\/media?parent=1006143"}],"wp:term":[{"taxonomy":"product_brand","embeddable":true,"href":"https:\/\/viruplant.ee\/ru\/wp-json\/wp\/v2\/product_brand?post=1006143"},{"taxonomy":"product_cat","embeddable":true,"href":"https:\/\/viruplant.ee\/ru\/wp-json\/wp\/v2\/product_cat?post=1006143"},{"taxonomy":"product_tag","embeddable":true,"href":"https:\/\/viruplant.ee\/ru\/wp-json\/wp\/v2\/product_tag?post=1006143"}],"curies":[{"name":"wp","href":"https:\/\/api.w.org\/{rel}","templated":true}]}}