{"id":1006142,"date":"2025-04-22T10:45:54","date_gmt":"2025-04-22T10:45:54","guid":{"rendered":"https:\/\/viruplant.ee\/?post_type=product&#038;p=1006142"},"modified":"2025-04-22T10:48:55","modified_gmt":"2025-04-22T10:48:55","slug":"thunbergi-kukerpuu-ruby-star","status":"publish","type":"product","link":"https:\/\/viruplant.ee\/ru\/product\/thunbergi-kukerpuu-ruby-star\/","title":{"rendered":"Thunbergi kukerpuu &#8216;Ruby Star&#8217;"},"content":{"rendered":"<div class=\"vgblk-rw-wrapper limit-wrapper\"><strong>Berberis thunbergii &#8216;Ruby Star&#8217;<br \/>\nSuurus: Taimepott P12<\/strong><\/div>\n<p><!-- .vgblk-rw-wrapper --><\/p>\n","protected":false},"excerpt":{"rendered":"<p><strong>Berberis thunbergii &#8216;Ruby Star&#8217;<br \/>\nSuurus: Taimepott P12<\/strong><\/p>\n<p>Kukerpuu \u2018Ruby Star\u2019 on dekoratiivne p\u00f5\u00f5sas, mida hinnatakse tema s\u00e4ravate, tumepunaste lehtede ja kompaktse kasvu t\u00f5ttu. Ta kasvab aeglaselt ja hoiab kena kerakujulise vormi. Kevadel ilmuvad kollased \u00f5ied, mis hiljem asenduvad v\u00e4ikeste punaste viljadega. S\u00fcgisel muutub lehestik eriti erksaks. Ideaalne madalaks hekiks, kiviktaimlasse v\u00f5i iluaeda aktsendiks. Taim on vastupidav ja v\u00e4hen\u00f5udlik, eelistab p\u00e4ikeselist kasvukohta.<\/p>\n","protected":false},"featured_media":0,"template":"","meta":{"inline_featured_image":false},"product_brand":[],"product_cat":[985],"product_tag":[],"class_list":{"0":"post-1006142","1":"product","2":"type-product","3":"status-publish","5":"product_cat-kukerpuud-2","7":"first","8":"instock","9":"shipping-taxable","10":"purchasable","11":"product-type-simple"},"_links":{"self":[{"href":"https:\/\/viruplant.ee\/ru\/wp-json\/wp\/v2\/product\/1006142","targetHints":{"allow":["GET"]}}],"collection":[{"href":"https:\/\/viruplant.ee\/ru\/wp-json\/wp\/v2\/product"}],"about":[{"href":"https:\/\/viruplant.ee\/ru\/wp-json\/wp\/v2\/types\/product"}],"wp:attachment":[{"href":"https:\/\/viruplant.ee\/ru\/wp-json\/wp\/v2\/media?parent=1006142"}],"wp:term":[{"taxonomy":"product_brand","embeddable":true,"href":"https:\/\/viruplant.ee\/ru\/wp-json\/wp\/v2\/product_brand?post=1006142"},{"taxonomy":"product_cat","embeddable":true,"href":"https:\/\/viruplant.ee\/ru\/wp-json\/wp\/v2\/product_cat?post=1006142"},{"taxonomy":"product_tag","embeddable":true,"href":"https:\/\/viruplant.ee\/ru\/wp-json\/wp\/v2\/product_tag?post=1006142"}],"curies":[{"name":"wp","href":"https:\/\/api.w.org\/{rel}","templated":true}]}}