{"id":1006138,"date":"2025-04-22T10:38:18","date_gmt":"2025-04-22T10:38:18","guid":{"rendered":"https:\/\/viruplant.ee\/?post_type=product&#038;p=1006138"},"modified":"2025-04-22T10:51:12","modified_gmt":"2025-04-22T10:51:12","slug":"thunbergi-kukerpuu-golden-torch","status":"publish","type":"product","link":"https:\/\/viruplant.ee\/ru\/product\/thunbergi-kukerpuu-golden-torch\/","title":{"rendered":"Thunbergi kukerpuu &#8216;Golden Torch&#8217;"},"content":{"rendered":"<div class=\"vgblk-rw-wrapper limit-wrapper\"><strong>Berberis thunbergii &#8216;Golden Torch&#8217;<br \/>\nSuurus: Taimepott P12<\/strong><\/p>\n<\/div>\n<p><!-- .vgblk-rw-wrapper --><\/p>\n","protected":false},"excerpt":{"rendered":"<p><strong>Berberis thunbergii &#8216;Golden Torch&#8217;<br \/>\nSuurus: Taimepott P12<\/strong><\/p>\n<p>Kukerpuu \u2018Golden Torch\u2019 on p\u00fcstise kasvukujuga ilup\u00f5\u00f5sas, mille lehed on helekollased kuni laimirohelised. S\u00fcgisel muutub lehestik oran\u017eikaks kuni punaseks, lisades aeda hooajalist v\u00e4rvim\u00e4ngu. Kevadel ilmuvad v\u00e4ikesed kollased \u00f5ied, millele j\u00e4rgnevad punakad viljad. P\u00f5\u00f5sas kasvab kitsalt p\u00fcstiselt, sobides h\u00e4sti v\u00e4iksematesse aedadesse, \u00e4\u00e4ristaimeks v\u00f5i kontrastiks tumedamate taimede k\u00f5rvale. Talub h\u00e4sti p\u00fcgamist ning eelistab p\u00e4ikeselist kasvukohta ja h\u00e4sti kuivendatud mulda.<\/p>\n","protected":false},"featured_media":1004729,"template":"","meta":{"inline_featured_image":false},"product_brand":[],"product_cat":[985],"product_tag":[],"class_list":{"0":"post-1006138","1":"product","2":"type-product","3":"status-publish","4":"has-post-thumbnail","6":"product_cat-kukerpuud-2","8":"first","9":"instock","10":"shipping-taxable","11":"purchasable","12":"product-type-simple"},"_links":{"self":[{"href":"https:\/\/viruplant.ee\/ru\/wp-json\/wp\/v2\/product\/1006138","targetHints":{"allow":["GET"]}}],"collection":[{"href":"https:\/\/viruplant.ee\/ru\/wp-json\/wp\/v2\/product"}],"about":[{"href":"https:\/\/viruplant.ee\/ru\/wp-json\/wp\/v2\/types\/product"}],"wp:featuredmedia":[{"embeddable":true,"href":"https:\/\/viruplant.ee\/ru\/wp-json\/wp\/v2\/media\/1004729"}],"wp:attachment":[{"href":"https:\/\/viruplant.ee\/ru\/wp-json\/wp\/v2\/media?parent=1006138"}],"wp:term":[{"taxonomy":"product_brand","embeddable":true,"href":"https:\/\/viruplant.ee\/ru\/wp-json\/wp\/v2\/product_brand?post=1006138"},{"taxonomy":"product_cat","embeddable":true,"href":"https:\/\/viruplant.ee\/ru\/wp-json\/wp\/v2\/product_cat?post=1006138"},{"taxonomy":"product_tag","embeddable":true,"href":"https:\/\/viruplant.ee\/ru\/wp-json\/wp\/v2\/product_tag?post=1006138"}],"curies":[{"name":"wp","href":"https:\/\/api.w.org\/{rel}","templated":true}]}}