{"id":1005971,"date":"2025-04-10T06:40:17","date_gmt":"2025-04-10T06:40:17","guid":{"rendered":"https:\/\/viruplant.ee\/?post_type=product&#038;p=1005971"},"modified":"2025-04-10T06:40:17","modified_gmt":"2025-04-10T06:40:17","slug":"vaikeseoiene-helmikpooris-palace-purple","status":"publish","type":"product","link":"https:\/\/viruplant.ee\/ru\/product\/vaikeseoiene-helmikpooris-palace-purple\/","title":{"rendered":"V\u00e4ikese\u00f5iene helmikp\u00f6\u00f6ris &#171;Palace Purple&#187;"},"content":{"rendered":"<div class=\"vgblk-rw-wrapper limit-wrapper\"><strong>Heuchera micrantha &#171;Palace Purple&#187;<br \/>\nSuurus: Taimepott P9<\/strong>\n<\/div>\n<p><!-- .vgblk-rw-wrapper --><\/p>\n","protected":false},"excerpt":{"rendered":"<p><strong>Heuchera micrantha &#171;Palace Purple&#187;<br \/>\nSuurus: Taimepott P9<\/strong><\/p>\n","protected":false},"featured_media":1005972,"template":"","meta":{"inline_featured_image":false},"product_brand":[],"product_cat":[984],"product_tag":[],"class_list":{"0":"post-1005971","1":"product","2":"type-product","3":"status-publish","4":"has-post-thumbnail","6":"product_cat-pusililled","8":"first","9":"instock","10":"shipping-taxable","11":"purchasable","12":"product-type-simple"},"_links":{"self":[{"href":"https:\/\/viruplant.ee\/ru\/wp-json\/wp\/v2\/product\/1005971","targetHints":{"allow":["GET"]}}],"collection":[{"href":"https:\/\/viruplant.ee\/ru\/wp-json\/wp\/v2\/product"}],"about":[{"href":"https:\/\/viruplant.ee\/ru\/wp-json\/wp\/v2\/types\/product"}],"wp:featuredmedia":[{"embeddable":true,"href":"https:\/\/viruplant.ee\/ru\/wp-json\/wp\/v2\/media\/1005972"}],"wp:attachment":[{"href":"https:\/\/viruplant.ee\/ru\/wp-json\/wp\/v2\/media?parent=1005971"}],"wp:term":[{"taxonomy":"product_brand","embeddable":true,"href":"https:\/\/viruplant.ee\/ru\/wp-json\/wp\/v2\/product_brand?post=1005971"},{"taxonomy":"product_cat","embeddable":true,"href":"https:\/\/viruplant.ee\/ru\/wp-json\/wp\/v2\/product_cat?post=1005971"},{"taxonomy":"product_tag","embeddable":true,"href":"https:\/\/viruplant.ee\/ru\/wp-json\/wp\/v2\/product_tag?post=1005971"}],"curies":[{"name":"wp","href":"https:\/\/api.w.org\/{rel}","templated":true}]}}